{"id":12571,"date":"2024-10-27T12:13:30","date_gmt":"2024-10-27T12:13:30","guid":{"rendered":"https:\/\/pfefferundsalz.gaeste-mappe.de\/?page_id=12571"},"modified":"2025-10-26T12:40:27","modified_gmt":"2025-10-26T12:40:27","slug":"fahrradtouren","status":"publish","type":"page","link":"https:\/\/villa-pauline.gaeste-mappe.de\/en\/fahrradtouren\/","title":{"rendered":"bike tours"},"content":{"rendered":"<div data-elementor-type=\"wp-page\" data-elementor-id=\"12571\" class=\"elementor elementor-12571\" data-elementor-post-type=\"page\">\n\t\t\t\t\t\t<section class=\"elementor-section elementor-top-section elementor-element elementor-element-2bb7a3df elementor-section-boxed elementor-section-height-default elementor-section-height-default\" data-id=\"2bb7a3df\" data-element_type=\"section\" data-settings=\"{&quot;background_background&quot;:&quot;classic&quot;}\">\n\t\t\t\t\t\t<div class=\"elementor-container elementor-column-gap-default\">\n\t\t\t\t\t<div class=\"elementor-column elementor-col-100 elementor-top-column elementor-element elementor-element-61011276\" data-id=\"61011276\" data-element_type=\"column\">\n\t\t\t<div class=\"elementor-widget-wrap elementor-element-populated\">\n\t\t\t\t\t\t<div class=\"elementor-element elementor-element-bd6a07b kopf elementor-icon-list--layout-traditional elementor-list-item-link-full_width elementor-widget elementor-widget-icon-list\" data-id=\"bd6a07b\" data-element_type=\"widget\" data-widget_type=\"icon-list.default\">\n\t\t\t\t<div class=\"elementor-widget-container\">\n\t\t\t\t\t\t\t<ul class=\"elementor-icon-list-items\">\n\t\t\t\t\t\t\t<li class=\"elementor-icon-list-item\">\n\t\t\t\t\t\t\t\t\t\t\t<span class=\"elementor-icon-list-icon\">\n\t\t\t\t\t\t\t<svg xmlns=\"http:\/\/www.w3.org\/2000\/svg\" id=\"Layer_3\" data-name=\"Layer 3\" viewbox=\"0 0 64 64\" width=\"512\" height=\"512\"><path d=\"M51,27a10.965,10.965,0,0,0-3.538.592L48.917,34.5l2.79,2.79-1.414,1.414-3-3a1.008,1.008,0,0,1-.272-.5l-1.427-6.78A10.992,10.992,0,1,0,51,27Z\"><\/path><path d=\"M23.95,37a10.958,10.958,0,0,0-3.066-6.662L15.174,37Z\"><\/path><path d=\"M12.091,38.418a1,1,0,0,1,.15-1.069l7.123-8.31A10.995,10.995,0,1,0,23.95,39H13A1,1,0,0,1,12.091,38.418Z\"><\/path><path d=\"M28.161,40.354,27.279,43H25v2h5V43h-.612l.668-2.006C30.037,41,30.019,41,30,41A2.949,2.949,0,0,1,28.161,40.354Z\"><\/path><path d=\"M45.232,17h5.1a1.667,1.667,0,0,1,1,3L48.4,22.2l1.2,1.6,2.933-2.2a3.667,3.667,0,0,0-2.2-6.6H44a1,1,0,0,0-.979,1.206L44.452,23H26V19.5a4.735,4.735,0,0,1,2.118-.5H30V17a2,2,0,0,0-2-2H22.121a2.121,2.121,0,0,0-1.5,3.621l.048.048A4.545,4.545,0,0,0,23.882,20c.04,0,.079-.006.118-.007V23.63l-4.636,5.409a11.022,11.022,0,0,1,1.52,1.3l3.754-4.379,3.474,9.727A2.983,2.983,0,0,0,27.184,37H23.95c.029.33.05.662.05,1s-.021.67-.05,1h3.234a3.018,3.018,0,0,0,.977,1.354l.89-2.67,1.9.632-.893,2.678a2.991,2.991,0,0,0,2.694-4.188L45.1,26.1l.49,2.326a11,11,0,0,1,1.868-.834ZM31.377,35.35A2.964,2.964,0,0,0,30,35h-.009L26.419,25h16.9Z\"><\/path><\/svg>\t\t\t\t\t\t<\/span>\n\t\t\t\t\t\t\t\t\t\t<span class=\"elementor-icon-list-text\">bike tours<\/span>\n\t\t\t\t\t\t\t\t\t<\/li>\n\t\t\t\t\t\t<\/ul>\n\t\t\t\t\t\t<\/div>\n\t\t\t\t<\/div>\n\t\t\t\t\t<\/div>\n\t\t<\/div>\n\t\t\t\t\t<\/div>\n\t\t<\/section>\n\t\t\t\t<section class=\"elementor-section elementor-top-section elementor-element elementor-element-e419457 elementor-section-boxed elementor-section-height-default elementor-section-height-default\" data-id=\"e419457\" data-element_type=\"section\">\n\t\t\t\t\t\t<div class=\"elementor-container elementor-column-gap-default\">\n\t\t\t\t\t<div class=\"elementor-column elementor-col-100 elementor-top-column elementor-element elementor-element-398c4e7f\" data-id=\"398c4e7f\" data-element_type=\"column\">\n\t\t\t<div class=\"elementor-widget-wrap elementor-element-populated\">\n\t\t\t\t\t\t<div class=\"elementor-element elementor-element-540e2c9f elementor-icon-list--layout-traditional elementor-list-item-link-full_width elementor-widget elementor-widget-icon-list\" data-id=\"540e2c9f\" data-element_type=\"widget\" data-widget_type=\"icon-list.default\">\n\t\t\t\t<div class=\"elementor-widget-container\">\n\t\t\t\t\t\t\t<ul class=\"elementor-icon-list-items\">\n\t\t\t\t\t\t\t<li class=\"elementor-icon-list-item\">\n\t\t\t\t\t\t\t\t\t\t<span class=\"elementor-icon-list-text\">Fahrradtouren rund um Baiersbronn<\/span>\n\t\t\t\t\t\t\t\t\t<\/li>\n\t\t\t\t\t\t<\/ul>\n\t\t\t\t\t\t<\/div>\n\t\t\t\t<\/div>\n\t\t\t\t\t<\/div>\n\t\t<\/div>\n\t\t\t\t\t<\/div>\n\t\t<\/section>\n\t\t\t\t<section class=\"elementor-section elementor-top-section elementor-element elementor-element-ffafc04 elementor-section-boxed elementor-section-height-default elementor-section-height-default\" data-id=\"ffafc04\" data-element_type=\"section\">\n\t\t\t\t\t\t<div class=\"elementor-container elementor-column-gap-default\">\n\t\t\t\t\t<div class=\"elementor-column elementor-col-100 elementor-top-column elementor-element elementor-element-9641496\" data-id=\"9641496\" data-element_type=\"column\">\n\t\t\t<div class=\"elementor-widget-wrap elementor-element-populated\">\n\t\t\t\t\t\t<div class=\"elementor-element elementor-element-f759ff3 elementor-widget elementor-widget-text-editor\" data-id=\"f759ff3\" data-element_type=\"widget\" data-widget_type=\"text-editor.default\">\n\t\t\t\t<div class=\"elementor-widget-container\">\n\t\t\t\t\t\t\t\t\t<p>Ob gem\u00fctlich entlang der Murg, sportlich auf die H\u00f6hen des Schwarzwalds oder entspannt mit dem E-Bike \u2013 Baiersbronn bietet f\u00fcr jeden Radtyp die passende Strecke. Gut ausgebaute Wege, herrliche Panoramen und zahlreiche Einkehrm\u00f6glichkeiten machen jede Tour zu einem besonderen Erlebnis.<\/p><p>Die Region ist bekannt f\u00fcr ihre abwechslungsreiche Landschaft: sanfte T\u00e4ler, dichte W\u00e4lder und klare Luft begleiten Sie auf jeder Fahrt.<\/p><p>Unsere ausgew\u00e4hlten Touren zeigen Ihnen einige der sch\u00f6nsten Strecken direkt ab oder rund um Baiersbronn. Ob Genussradeln oder sportliche Herausforderung \u2013 entdecken Sie den Schwarzwald auf zwei R\u00e4dern!<\/p><p><strong>Weitere Fahrradtouren unter:<\/strong> <a href=\"https:\/\/www.baiersbronn.de\/natur-aktivitaeten\/biken\" target=\"_blank\" rel=\"noopener\">https:\/\/www.baiersbronn.de\/natur-aktivitaeten\/biken<\/a><\/p>\t\t\t\t\t\t\t\t<\/div>\n\t\t\t\t<\/div>\n\t\t\t\t\t<\/div>\n\t\t<\/div>\n\t\t\t\t\t<\/div>\n\t\t<\/section>\n\t\t\t\t<section class=\"elementor-section elementor-top-section elementor-element elementor-element-b1ccf22 elementor-section-boxed elementor-section-height-default elementor-section-height-default\" data-id=\"b1ccf22\" data-element_type=\"section\">\n\t\t\t\t\t\t<div class=\"elementor-container elementor-column-gap-default\">\n\t\t\t\t\t<div class=\"elementor-column elementor-col-100 elementor-top-column elementor-element elementor-element-ebbaea7\" data-id=\"ebbaea7\" data-element_type=\"column\">\n\t\t\t<div class=\"elementor-widget-wrap elementor-element-populated\">\n\t\t\t\t\t\t<div class=\"elementor-element elementor-element-cdc45b2 elementor-icon-list--layout-traditional elementor-list-item-link-full_width elementor-widget elementor-widget-icon-list\" data-id=\"cdc45b2\" data-element_type=\"widget\" data-widget_type=\"icon-list.default\">\n\t\t\t\t<div class=\"elementor-widget-container\">\n\t\t\t\t\t\t\t<ul class=\"elementor-icon-list-items\">\n\t\t\t\t\t\t\t<li class=\"elementor-icon-list-item\">\n\t\t\t\t\t\t\t\t\t\t<span class=\"elementor-icon-list-text\">Tour de Murg<\/span>\n\t\t\t\t\t\t\t\t\t<\/li>\n\t\t\t\t\t\t<\/ul>\n\t\t\t\t\t\t<\/div>\n\t\t\t\t<\/div>\n\t\t\t\t\t<\/div>\n\t\t<\/div>\n\t\t\t\t\t<\/div>\n\t\t<\/section>\n\t\t<div class=\"elementor-element elementor-element-72ad27a6 e-flex e-con-boxed e-con e-parent\" data-id=\"72ad27a6\" data-element_type=\"container\">\n\t\t\t\t\t<div class=\"e-con-inner\">\n\t\t<div class=\"elementor-element elementor-element-cff4e57 e-con-full e-flex e-con e-child\" data-id=\"cff4e57\" data-element_type=\"container\">\n\t\t\t\t<div class=\"elementor-element elementor-element-e961470 elementor-widget elementor-widget-html\" data-id=\"e961470\" data-element_type=\"widget\" data-widget_type=\"html.default\">\n\t\t\t\t<div class=\"elementor-widget-container\">\n\t\t\t\t\t<script type=\"text\/javascript\" src=\"https:\/\/unterwegs-im-murgtal.baiersbronn.de\/de\/embed\/3226077\/js?mw=false\"><\/script>\r\n\t\t\t\t<\/div>\n\t\t\t\t<\/div>\n\t\t\t\t<\/div>\n\t\t<div class=\"elementor-element elementor-element-106e5104 e-con-full e-flex e-con e-child\" data-id=\"106e5104\" data-element_type=\"container\">\n\t\t\t\t<div class=\"elementor-element elementor-element-52e59175 elementor-widget elementor-widget-html\" data-id=\"52e59175\" data-element_type=\"widget\" data-widget_type=\"html.default\">\n\t\t\t\t<div class=\"elementor-widget-container\">\n\t\t\t\t\t\r\n<script type=\"text\/javascript\" src=\"https:\/\/unterwegs-im-murgtal.baiersbronn.de\/de\/embed\/1535909\/js?mw=false\"><\/script>\t\t\t\t<\/div>\n\t\t\t\t<\/div>\n\t\t\t\t<\/div>\n\t\t\t\t\t<\/div>\n\t\t\t\t<\/div>\n\t\t\t\t<section class=\"elementor-section elementor-top-section elementor-element elementor-element-b22b89f elementor-section-boxed elementor-section-height-default elementor-section-height-default\" data-id=\"b22b89f\" data-element_type=\"section\">\n\t\t\t\t\t\t<div class=\"elementor-container elementor-column-gap-default\">\n\t\t\t\t\t<div class=\"elementor-column elementor-col-100 elementor-top-column elementor-element elementor-element-b4c7910\" data-id=\"b4c7910\" data-element_type=\"column\">\n\t\t\t<div class=\"elementor-widget-wrap elementor-element-populated\">\n\t\t\t\t\t\t<div class=\"elementor-element elementor-element-0ccc361 elementor-icon-list--layout-traditional elementor-list-item-link-full_width elementor-widget elementor-widget-icon-list\" data-id=\"0ccc361\" data-element_type=\"widget\" data-widget_type=\"icon-list.default\">\n\t\t\t\t<div class=\"elementor-widget-container\">\n\t\t\t\t\t\t\t<ul class=\"elementor-icon-list-items\">\n\t\t\t\t\t\t\t<li class=\"elementor-icon-list-item\">\n\t\t\t\t\t\t\t\t\t\t<span class=\"elementor-icon-list-text\">E-Bike Touren<\/span>\n\t\t\t\t\t\t\t\t\t<\/li>\n\t\t\t\t\t\t<\/ul>\n\t\t\t\t\t\t<\/div>\n\t\t\t\t<\/div>\n\t\t\t\t\t<\/div>\n\t\t<\/div>\n\t\t\t\t\t<\/div>\n\t\t<\/section>\n\t\t<div class=\"elementor-element elementor-element-1da4b798 e-flex e-con-boxed e-con e-parent\" data-id=\"1da4b798\" data-element_type=\"container\">\n\t\t\t\t\t<div class=\"e-con-inner\">\n\t\t<div class=\"elementor-element elementor-element-2d03b0c5 e-con-full e-flex e-con e-child\" data-id=\"2d03b0c5\" data-element_type=\"container\">\n\t\t\t\t<div class=\"elementor-element elementor-element-5361cd0a elementor-widget elementor-widget-html\" data-id=\"5361cd0a\" data-element_type=\"widget\" data-widget_type=\"html.default\">\n\t\t\t\t<div class=\"elementor-widget-container\">\n\t\t\t\t\t<script type=\"text\/javascript\" src=\"https:\/\/unterwegs-im-murgtal.baiersbronn.de\/de\/embed\/1531796\/js?mw=false\"><\/script>\t\t\t\t<\/div>\n\t\t\t\t<\/div>\n\t\t\t\t<\/div>\n\t\t<div class=\"elementor-element elementor-element-7339403e e-con-full e-flex e-con e-child\" data-id=\"7339403e\" data-element_type=\"container\">\n\t\t\t\t<div class=\"elementor-element elementor-element-7a30302e elementor-widget elementor-widget-html\" data-id=\"7a30302e\" data-element_type=\"widget\" data-widget_type=\"html.default\">\n\t\t\t\t<div class=\"elementor-widget-container\">\n\t\t\t\t\t<script type=\"text\/javascript\" src=\"https:\/\/unterwegs-im-murgtal.baiersbronn.de\/de\/embed\/1540360\/js?mw=false\"><\/script>\t\t\t\t<\/div>\n\t\t\t\t<\/div>\n\t\t\t\t<\/div>\n\t\t\t\t\t<\/div>\n\t\t\t\t<\/div>\n\t\t<div class=\"elementor-element elementor-element-4fda01fb e-flex e-con-boxed e-con e-parent\" data-id=\"4fda01fb\" data-element_type=\"container\">\n\t\t\t\t\t<div class=\"e-con-inner\">\n\t\t<div class=\"elementor-element elementor-element-74c20d2b e-con-full e-flex e-con e-child\" data-id=\"74c20d2b\" data-element_type=\"container\">\n\t\t\t\t<div class=\"elementor-element elementor-element-4eba4af8 elementor-widget elementor-widget-html\" data-id=\"4eba4af8\" data-element_type=\"widget\" data-widget_type=\"html.default\">\n\t\t\t\t<div class=\"elementor-widget-container\">\n\t\t\t\t\t<script type=\"text\/javascript\" src=\"https:\/\/unterwegs-im-murgtal.baiersbronn.de\/de\/embed\/1508786\/js?mw=false\"><\/script>\t\t\t\t<\/div>\n\t\t\t\t<\/div>\n\t\t\t\t<\/div>\n\t\t<div class=\"elementor-element elementor-element-54cf403d e-con-full e-flex e-con e-child\" data-id=\"54cf403d\" data-element_type=\"container\">\n\t\t\t\t<div class=\"elementor-element elementor-element-484ede82 elementor-widget elementor-widget-html\" data-id=\"484ede82\" data-element_type=\"widget\" data-widget_type=\"html.default\">\n\t\t\t\t<div class=\"elementor-widget-container\">\n\t\t\t\t\t<script type=\"text\/javascript\" src=\"https:\/\/unterwegs-im-murgtal.baiersbronn.de\/de\/embed\/1540236\/js?mw=false\"><\/script>\t\t\t\t<\/div>\n\t\t\t\t<\/div>\n\t\t\t\t<\/div>\n\t\t\t\t\t<\/div>\n\t\t\t\t<\/div>\n\t\t\t\t<section class=\"elementor-section elementor-top-section elementor-element elementor-element-3f889a2 elementor-section-boxed elementor-section-height-default elementor-section-height-default\" data-id=\"3f889a2\" data-element_type=\"section\">\n\t\t\t\t\t\t<div class=\"elementor-container elementor-column-gap-default\">\n\t\t\t\t\t<div class=\"elementor-column elementor-col-100 elementor-top-column elementor-element elementor-element-3b54364\" data-id=\"3b54364\" data-element_type=\"column\">\n\t\t\t<div class=\"elementor-widget-wrap elementor-element-populated\">\n\t\t\t\t\t\t<div class=\"elementor-element elementor-element-6ca772d elementor-icon-list--layout-traditional elementor-list-item-link-full_width elementor-widget elementor-widget-icon-list\" data-id=\"6ca772d\" data-element_type=\"widget\" data-widget_type=\"icon-list.default\">\n\t\t\t\t<div class=\"elementor-widget-container\">\n\t\t\t\t\t\t\t<ul class=\"elementor-icon-list-items\">\n\t\t\t\t\t\t\t<li class=\"elementor-icon-list-item\">\n\t\t\t\t\t\t\t\t\t\t<span class=\"elementor-icon-list-text\">Mountainbike Touren<\/span>\n\t\t\t\t\t\t\t\t\t<\/li>\n\t\t\t\t\t\t<\/ul>\n\t\t\t\t\t\t<\/div>\n\t\t\t\t<\/div>\n\t\t\t\t\t<\/div>\n\t\t<\/div>\n\t\t\t\t\t<\/div>\n\t\t<\/section>\n\t\t<div class=\"elementor-element elementor-element-3f170716 e-flex e-con-boxed e-con e-parent\" data-id=\"3f170716\" data-element_type=\"container\">\n\t\t\t\t\t<div class=\"e-con-inner\">\n\t\t<div class=\"elementor-element elementor-element-6f35c4e6 e-con-full e-flex e-con e-child\" data-id=\"6f35c4e6\" data-element_type=\"container\">\n\t\t\t\t<div class=\"elementor-element elementor-element-2e5e0eaf elementor-widget elementor-widget-html\" data-id=\"2e5e0eaf\" data-element_type=\"widget\" data-widget_type=\"html.default\">\n\t\t\t\t<div class=\"elementor-widget-container\">\n\t\t\t\t\t<script type=\"text\/javascript\" src=\"https:\/\/unterwegs-im-murgtal.baiersbronn.de\/de\/embed\/19076912\/js?mw=false\"><\/script>\t\t\t\t<\/div>\n\t\t\t\t<\/div>\n\t\t\t\t<\/div>\n\t\t<div class=\"elementor-element elementor-element-1da2a1b8 e-con-full e-flex e-con e-child\" data-id=\"1da2a1b8\" data-element_type=\"container\">\n\t\t\t\t<div class=\"elementor-element elementor-element-714c76f elementor-widget elementor-widget-html\" data-id=\"714c76f\" data-element_type=\"widget\" data-widget_type=\"html.default\">\n\t\t\t\t<div class=\"elementor-widget-container\">\n\t\t\t\t\t<script type=\"text\/javascript\" src=\"https:\/\/unterwegs-im-murgtal.baiersbronn.de\/de\/embed\/19716555\/js?mw=false\"><\/script>\t\t\t\t<\/div>\n\t\t\t\t<\/div>\n\t\t\t\t<\/div>\n\t\t\t\t\t<\/div>\n\t\t\t\t<\/div>\n\t\t<div class=\"elementor-element elementor-element-36521b4 e-flex e-con-boxed e-con e-parent\" data-id=\"36521b4\" data-element_type=\"container\">\n\t\t\t\t\t<div class=\"e-con-inner\">\n\t\t<div class=\"elementor-element elementor-element-6327ddd8 e-con-full e-flex e-con e-child\" data-id=\"6327ddd8\" data-element_type=\"container\">\n\t\t\t\t<div class=\"elementor-element elementor-element-4bf9419f elementor-widget elementor-widget-html\" data-id=\"4bf9419f\" data-element_type=\"widget\" data-widget_type=\"html.default\">\n\t\t\t\t<div class=\"elementor-widget-container\">\n\t\t\t\t\t<script type=\"text\/javascript\" src=\"https:\/\/unterwegs-im-murgtal.baiersbronn.de\/de\/embed\/19716596\/js?mw=false\"><\/script>\t\t\t\t<\/div>\n\t\t\t\t<\/div>\n\t\t\t\t<\/div>\n\t\t<div class=\"elementor-element elementor-element-1c2e908c e-con-full e-flex e-con e-child\" data-id=\"1c2e908c\" data-element_type=\"container\">\n\t\t\t\t<div class=\"elementor-element elementor-element-2bff0110 elementor-widget elementor-widget-html\" data-id=\"2bff0110\" data-element_type=\"widget\" data-widget_type=\"html.default\">\n\t\t\t\t<div class=\"elementor-widget-container\">\n\t\t\t\t\t<script type=\"text\/javascript\" src=\"https:\/\/unterwegs-im-murgtal.baiersbronn.de\/de\/embed\/19077002\/js?mw=false\"><\/script>\t\t\t\t<\/div>\n\t\t\t\t<\/div>\n\t\t\t\t<\/div>\n\t\t\t\t\t<\/div>\n\t\t\t\t<\/div>\n\t\t\t\t<section class=\"elementor-section elementor-top-section elementor-element elementor-element-119cbbb3 elementor-section-boxed elementor-section-height-default elementor-section-height-default\" data-id=\"119cbbb3\" data-element_type=\"section\">\n\t\t\t\t\t\t<div class=\"elementor-container elementor-column-gap-default\">\n\t\t\t\t\t<div class=\"elementor-column elementor-col-100 elementor-top-column elementor-element elementor-element-1ff0e85f\" data-id=\"1ff0e85f\" data-element_type=\"column\">\n\t\t\t<div class=\"elementor-widget-wrap elementor-element-populated\">\n\t\t\t\t\t\t<div class=\"elementor-element elementor-element-33fb5aa7 elementor-widget elementor-widget-text-editor\" data-id=\"33fb5aa7\" data-element_type=\"widget\" data-widget_type=\"text-editor.default\">\n\t\t\t\t<div class=\"elementor-widget-container\">\n\t\t\t\t\t\t\t\t\t<p>\u00a0<\/p><p><strong>Weitere Fahrradtouren unter:<\/strong> <a href=\"https:\/\/www.baiersbronn.de\/natur-aktivitaeten\/biken\" target=\"_blank\" rel=\"noopener\">https:\/\/www.baiersbronn.de\/natur-aktivitaeten\/biken<\/a><\/p>\t\t\t\t\t\t\t\t<\/div>\n\t\t\t\t<\/div>\n\t\t\t\t\t<\/div>\n\t\t<\/div>\n\t\t\t\t\t<\/div>\n\t\t<\/section>\n\t\t\t\t<\/div>","protected":false},"excerpt":{"rendered":"<p>Fahrradtouren Fahrradtouren rund um Baiersbronn Ob gem\u00fctlich entlang der Murg, sportlich auf die H\u00f6hen des Schwarzwalds oder entspannt mit dem E-Bike \u2013 Baiersbronn bietet f\u00fcr jeden Radtyp die passende Strecke. Gut ausgebaute Wege, herrliche Panoramen und zahlreiche Einkehrm\u00f6glichkeiten machen jede Tour zu einem besonderen Erlebnis. Die Region ist bekannt f\u00fcr ihre abwechslungsreiche Landschaft: sanfte T\u00e4ler, [&hellip;]<\/p>","protected":false},"author":2,"featured_media":0,"parent":0,"menu_order":0,"comment_status":"closed","ping_status":"closed","template":"","meta":{"site-sidebar-layout":"no-sidebar","site-content-layout":"page-builder","ast-site-content-layout":"full-width-container","site-content-style":"default","site-sidebar-style":"default","ast-global-header-display":"","ast-banner-title-visibility":"","ast-main-header-display":"","ast-hfb-above-header-display":"","ast-hfb-below-header-display":"","ast-hfb-mobile-header-display":"","site-post-title":"disabled","ast-breadcrumbs-content":"","ast-featured-img":"disabled","footer-sml-layout":"","theme-transparent-header-meta":"","adv-header-id-meta":"","stick-header-meta":"","header-above-stick-meta":"","header-main-stick-meta":"","header-below-stick-meta":"","astra-migrate-meta-layouts":"set","ast-page-background-enabled":"default","ast-page-background-meta":{"desktop":{"background-color":"var(--ast-global-color-4)","background-image":"","background-repeat":"repeat","background-position":"center center","background-size":"auto","background-attachment":"scroll","background-type":"","background-media":"","overlay-type":"","overlay-color":"","overlay-opacity":"","overlay-gradient":""},"tablet":{"background-color":"","background-image":"","background-repeat":"repeat","background-position":"center center","background-size":"auto","background-attachment":"scroll","background-type":"","background-media":"","overlay-type":"","overlay-color":"","overlay-opacity":"","overlay-gradient":""},"mobile":{"background-color":"","background-image":"","background-repeat":"repeat","background-position":"center center","background-size":"auto","background-attachment":"scroll","background-type":"","background-media":"","overlay-type":"","overlay-color":"","overlay-opacity":"","overlay-gradient":""}},"ast-content-background-meta":{"desktop":{"background-color":"var(--ast-global-color-5)","background-image":"","background-repeat":"repeat","background-position":"center center","background-size":"auto","background-attachment":"scroll","background-type":"","background-media":"","overlay-type":"","overlay-color":"","overlay-opacity":"","overlay-gradient":""},"tablet":{"background-color":"var(--ast-global-color-5)","background-image":"","background-repeat":"repeat","background-position":"center center","background-size":"auto","background-attachment":"scroll","background-type":"","background-media":"","overlay-type":"","overlay-color":"","overlay-opacity":"","overlay-gradient":""},"mobile":{"background-color":"var(--ast-global-color-5)","background-image":"","background-repeat":"repeat","background-position":"center center","background-size":"auto","background-attachment":"scroll","background-type":"","background-media":"","overlay-type":"","overlay-color":"","overlay-opacity":"","overlay-gradient":""}},"_glsr_average":0,"_glsr_ranking":0,"_glsr_reviews":0,"footnotes":""},"class_list":["post-12571","page","type-page","status-publish","hentry"],"_links":{"self":[{"href":"https:\/\/villa-pauline.gaeste-mappe.de\/en\/wp-json\/wp\/v2\/pages\/12571","targetHints":{"allow":["GET"]}}],"collection":[{"href":"https:\/\/villa-pauline.gaeste-mappe.de\/en\/wp-json\/wp\/v2\/pages"}],"about":[{"href":"https:\/\/villa-pauline.gaeste-mappe.de\/en\/wp-json\/wp\/v2\/types\/page"}],"author":[{"embeddable":true,"href":"https:\/\/villa-pauline.gaeste-mappe.de\/en\/wp-json\/wp\/v2\/users\/2"}],"replies":[{"embeddable":true,"href":"https:\/\/villa-pauline.gaeste-mappe.de\/en\/wp-json\/wp\/v2\/comments?post=12571"}],"version-history":[{"count":30,"href":"https:\/\/villa-pauline.gaeste-mappe.de\/en\/wp-json\/wp\/v2\/pages\/12571\/revisions"}],"predecessor-version":[{"id":14065,"href":"https:\/\/villa-pauline.gaeste-mappe.de\/en\/wp-json\/wp\/v2\/pages\/12571\/revisions\/14065"}],"wp:attachment":[{"href":"https:\/\/villa-pauline.gaeste-mappe.de\/en\/wp-json\/wp\/v2\/media?parent=12571"}],"curies":[{"name":"wp","href":"https:\/\/api.w.org\/{rel}","templated":true}]}}