{"id":343,"date":"2021-11-02T11:58:44","date_gmt":"2021-11-02T11:58:44","guid":{"rendered":"https:\/\/demo.zorentino.com\/?page_id=343"},"modified":"2025-04-20T09:15:52","modified_gmt":"2025-04-20T09:15:52","slug":"der-schwarzwald","status":"publish","type":"page","link":"https:\/\/villa-pauline.gaeste-mappe.de\/en\/der-schwarzwald\/","title":{"rendered":"The Black Forest"},"content":{"rendered":"<div data-elementor-type=\"wp-page\" data-elementor-id=\"343\" class=\"elementor elementor-343\" data-elementor-post-type=\"page\">\n\t\t\t\t\t\t<section class=\"elementor-section elementor-top-section elementor-element elementor-element-695d9325 elementor-section-boxed elementor-section-height-default elementor-section-height-default\" data-id=\"695d9325\" data-element_type=\"section\" data-settings=\"{&quot;background_background&quot;:&quot;classic&quot;}\">\n\t\t\t\t\t\t<div class=\"elementor-container elementor-column-gap-default\">\n\t\t\t\t\t<div class=\"elementor-column elementor-col-100 elementor-top-column elementor-element elementor-element-6a6089c0\" data-id=\"6a6089c0\" data-element_type=\"column\">\n\t\t\t<div class=\"elementor-widget-wrap elementor-element-populated\">\n\t\t\t\t\t\t<div class=\"elementor-element elementor-element-115d134d kopf elementor-icon-list--layout-traditional elementor-list-item-link-full_width elementor-widget elementor-widget-icon-list\" data-id=\"115d134d\" data-element_type=\"widget\" data-widget_type=\"icon-list.default\">\n\t\t\t\t<div class=\"elementor-widget-container\">\n\t\t\t\t\t\t\t<ul class=\"elementor-icon-list-items\">\n\t\t\t\t\t\t\t<li class=\"elementor-icon-list-item\">\n\t\t\t\t\t\t\t\t\t\t\t<span class=\"elementor-icon-list-icon\">\n\t\t\t\t\t\t\t<svg xmlns=\"http:\/\/www.w3.org\/2000\/svg\" xmlns:xlink=\"http:\/\/www.w3.org\/1999\/xlink\" id=\"Capa_1\" x=\"0px\" y=\"0px\" viewbox=\"0 0 421.361 421.361\" style=\"enable-background:new 0 0 421.361 421.361;\" xml:space=\"preserve\"><g>\t<g>\t\t<path d=\"M421.34,400.216c-0.255-3.282-2.862-5.889-6.144-6.143h-92.4v-57.6c53.273-9.436,88.809-60.271,79.373-113.544   c-4.158-23.476-16.735-44.629-35.373-59.496c1.873-3.718,3.4-7.601,4.56-11.6v-0.32c10.313-36.318-10.768-74.121-47.086-84.434   c-36.318-10.313-74.121,10.768-84.434,47.086c-3.467,12.208-3.467,25.14,0,37.348c1.161,4.138,2.715,8.157,4.64,12l-0.28,0.2   c7.471,16.315,11.319,34.055,11.28,52c0,3.813-0.173,7.6-0.52,11.36c1.826-1.243,4.314-0.77,5.557,1.056   c0.014,0.021,0.029,0.042,0.043,0.064l28.56,40.8c1.83,3.203,5.911,4.316,9.114,2.486c2.083-1.19,3.368-3.407,3.366-5.806v-42.4   v-76c0-2.209,1.791-4,4-4c2.209,0,4,1.791,4,4v8.72c-0.003,3.689,2.985,6.683,6.674,6.686c2.399,0.002,4.616-1.283,5.806-3.366   l7.24-10.32c1.104-1.914,3.55-2.57,5.463-1.467c1.914,1.104,2.57,3.55,1.467,5.463c-0.169,0.292-0.374,0.562-0.61,0.803   l-24.44,34.88c-1.008,1.198-1.561,2.714-1.56,4.28v201.08h-8v-91.6c0.001-1.566-0.552-3.082-1.56-4.28l-45.88-65.4   c-3.288,23.563-13.286,45.683-28.8,63.72c14.859,21.073,37.421,35.444,62.8,40v57.6h-138.44v-68.28   c60.958-10.499,101.864-68.427,91.365-129.385c-4.702-27.299-19.353-51.887-41.125-69.015c2.366-4.558,4.268-9.342,5.68-14.28   c11.788-41.319-12.151-84.371-53.47-96.159c-41.319-11.788-84.371,12.151-96.159,53.47c-3.949,13.843-3.981,28.51-0.091,42.369   v0.32c1.411,4.938,3.314,9.722,5.68,14.28c-48.615,38.246-57.021,108.66-18.775,157.275   c17.128,21.771,41.716,36.423,69.015,41.125v68.28H7.197c-3.678-0.285-6.891,2.465-7.177,6.144   c-0.285,3.678,2.465,6.891,6.144,7.176c0.344,0.027,0.689,0.027,1.033,0l0,0h408C418.875,407.107,421.626,403.894,421.34,400.216z    M136.437,161.193v232.88h-11.16v-106.68c0.001-1.566-0.552-3.082-1.56-4.28l-53.04-75.72c-1.715-2.574-1.019-6.05,1.554-7.766   c2.284-1.522,5.336-1.164,7.206,0.846c0.167,0.28,0.354,0.547,0.56,0.8l32.68,46.68c1.83,3.203,5.911,4.316,9.114,2.486   c2.083-1.19,3.368-3.407,3.366-5.806v-136.16c0-3.071,2.489-5.56,5.56-5.56c3.071,0,5.56,2.489,5.56,5.56v10.24   c-0.003,3.689,2.985,6.683,6.674,6.686c2.399,0.002,4.616-1.283,5.806-3.366l8.2-11.72c6.04-7.2,13.16,0.72,9.48,5.96   l-28.44,40.64C136.988,158.111,136.436,159.627,136.437,161.193z\"><\/path>\t<\/g><\/g><g><\/g><g><\/g><g><\/g><g><\/g><g><\/g><g><\/g><g><\/g><g><\/g><g><\/g><g><\/g><g><\/g><g><\/g><g><\/g><g><\/g><g><\/g><\/svg>\t\t\t\t\t\t<\/span>\n\t\t\t\t\t\t\t\t\t\t<span class=\"elementor-icon-list-text\">The Black Forest<\/span>\n\t\t\t\t\t\t\t\t\t<\/li>\n\t\t\t\t\t\t<\/ul>\n\t\t\t\t\t\t<\/div>\n\t\t\t\t<\/div>\n\t\t\t\t\t<\/div>\n\t\t<\/div>\n\t\t\t\t\t<\/div>\n\t\t<\/section>\n\t\t\t\t<section class=\"elementor-section elementor-top-section elementor-element elementor-element-6ce7576d elementor-section-boxed elementor-section-height-default elementor-section-height-default\" data-id=\"6ce7576d\" data-element_type=\"section\">\n\t\t\t\t\t\t<div class=\"elementor-container elementor-column-gap-default\">\n\t\t\t\t\t<div class=\"elementor-column elementor-col-100 elementor-top-column elementor-element elementor-element-15763f54\" data-id=\"15763f54\" data-element_type=\"column\">\n\t\t\t<div class=\"elementor-widget-wrap elementor-element-populated\">\n\t\t\t\t\t\t<div class=\"elementor-element elementor-element-545c8bbf elementor-widget elementor-widget-gallery\" data-id=\"545c8bbf\" data-element_type=\"widget\" data-settings=\"{&quot;gallery_layout&quot;:&quot;justified&quot;,&quot;ideal_row_height&quot;:{&quot;unit&quot;:&quot;px&quot;,&quot;size&quot;:140,&quot;sizes&quot;:[]},&quot;ideal_row_height_tablet&quot;:{&quot;unit&quot;:&quot;px&quot;,&quot;size&quot;:133,&quot;sizes&quot;:[]},&quot;ideal_row_height_mobile&quot;:{&quot;unit&quot;:&quot;px&quot;,&quot;size&quot;:117,&quot;sizes&quot;:[]},&quot;gap&quot;:{&quot;unit&quot;:&quot;px&quot;,&quot;size&quot;:10,&quot;sizes&quot;:[]},&quot;gap_tablet&quot;:{&quot;unit&quot;:&quot;px&quot;,&quot;size&quot;:10,&quot;sizes&quot;:[]},&quot;gap_mobile&quot;:{&quot;unit&quot;:&quot;px&quot;,&quot;size&quot;:10,&quot;sizes&quot;:[]},&quot;link_to&quot;:&quot;file&quot;,&quot;overlay_background&quot;:&quot;yes&quot;,&quot;content_hover_animation&quot;:&quot;fade-in&quot;}\" data-widget_type=\"gallery.default\">\n\t\t\t\t<div class=\"elementor-widget-container\">\n\t\t\t\t\t\t\t<div class=\"elementor-gallery__container\">\n\t\t\t\t\t\t\t<a class=\"e-gallery-item elementor-gallery-item elementor-animated-content\" href=\"https:\/\/villa-pauline.gaeste-mappe.de\/wp-content\/uploads\/2025\/04\/schwarzwald-1.jpg\" data-elementor-open-lightbox=\"yes\" data-elementor-lightbox-slideshow=\"545c8bbf\" data-elementor-lightbox-title=\"schwarzwald-1.jpg\" data-e-action-hash=\"#elementor-action%3Aaction%3Dlightbox%26settings%3DeyJpZCI6MTM4NTcsInVybCI6Imh0dHBzOlwvXC92aWxsYS1wYXVsaW5lLmdhZXN0ZS1tYXBwZS5kZVwvd3AtY29udGVudFwvdXBsb2Fkc1wvMjAyNVwvMDRcL3NjaHdhcnp3YWxkLTEuanBnIiwic2xpZGVzaG93IjoiNTQ1YzhiYmYifQ%3D%3D\">\n\t\t\t\t\t<div class=\"e-gallery-image elementor-gallery-item__image\" data-thumbnail=\"https:\/\/villa-pauline.gaeste-mappe.de\/wp-content\/uploads\/2025\/04\/schwarzwald-1.jpg\" data-width=\"1200\" data-height=\"706\" aria-label=\"\" role=\"img\" ><\/div>\n\t\t\t\t\t\t\t\t\t\t\t<div class=\"elementor-gallery-item__overlay\"><\/div>\n\t\t\t\t\t\t\t\t\t\t\t\t\t\t<\/a>\n\t\t\t\t\t\t\t<a class=\"e-gallery-item elementor-gallery-item elementor-animated-content\" href=\"https:\/\/villa-pauline.gaeste-mappe.de\/wp-content\/uploads\/2025\/04\/schwarzwald-2.jpg\" data-elementor-open-lightbox=\"yes\" data-elementor-lightbox-slideshow=\"545c8bbf\" data-elementor-lightbox-title=\"schwarzwald-2.jpg\" data-e-action-hash=\"#elementor-action%3Aaction%3Dlightbox%26settings%3DeyJpZCI6MTM4NTgsInVybCI6Imh0dHBzOlwvXC92aWxsYS1wYXVsaW5lLmdhZXN0ZS1tYXBwZS5kZVwvd3AtY29udGVudFwvdXBsb2Fkc1wvMjAyNVwvMDRcL3NjaHdhcnp3YWxkLTIuanBnIiwic2xpZGVzaG93IjoiNTQ1YzhiYmYifQ%3D%3D\">\n\t\t\t\t\t<div class=\"e-gallery-image elementor-gallery-item__image\" data-thumbnail=\"https:\/\/villa-pauline.gaeste-mappe.de\/wp-content\/uploads\/2025\/04\/schwarzwald-2.jpg\" data-width=\"1200\" data-height=\"828\" aria-label=\"\" role=\"img\" ><\/div>\n\t\t\t\t\t\t\t\t\t\t\t<div class=\"elementor-gallery-item__overlay\"><\/div>\n\t\t\t\t\t\t\t\t\t\t\t\t\t\t<\/a>\n\t\t\t\t\t\t\t<a class=\"e-gallery-item elementor-gallery-item elementor-animated-content\" href=\"https:\/\/villa-pauline.gaeste-mappe.de\/wp-content\/uploads\/2025\/04\/schwarzwald-3.jpg\" data-elementor-open-lightbox=\"yes\" data-elementor-lightbox-slideshow=\"545c8bbf\" data-elementor-lightbox-title=\"schwarzwald-3.jpg\" data-e-action-hash=\"#elementor-action%3Aaction%3Dlightbox%26settings%3DeyJpZCI6MTM4NTksInVybCI6Imh0dHBzOlwvXC92aWxsYS1wYXVsaW5lLmdhZXN0ZS1tYXBwZS5kZVwvd3AtY29udGVudFwvdXBsb2Fkc1wvMjAyNVwvMDRcL3NjaHdhcnp3YWxkLTMuanBnIiwic2xpZGVzaG93IjoiNTQ1YzhiYmYifQ%3D%3D\">\n\t\t\t\t\t<div class=\"e-gallery-image elementor-gallery-item__image\" data-thumbnail=\"https:\/\/villa-pauline.gaeste-mappe.de\/wp-content\/uploads\/2025\/04\/schwarzwald-3.jpg\" data-width=\"1200\" data-height=\"800\" aria-label=\"\" role=\"img\" ><\/div>\n\t\t\t\t\t\t\t\t\t\t\t<div class=\"elementor-gallery-item__overlay\"><\/div>\n\t\t\t\t\t\t\t\t\t\t\t\t\t\t<\/a>\n\t\t\t\t\t\t\t<a class=\"e-gallery-item elementor-gallery-item elementor-animated-content\" href=\"https:\/\/villa-pauline.gaeste-mappe.de\/wp-content\/uploads\/2025\/04\/schwarzwald-4.jpg\" data-elementor-open-lightbox=\"yes\" data-elementor-lightbox-slideshow=\"545c8bbf\" data-elementor-lightbox-title=\"schwarzwald-4.jpg\" data-e-action-hash=\"#elementor-action%3Aaction%3Dlightbox%26settings%3DeyJpZCI6MTM4NjAsInVybCI6Imh0dHBzOlwvXC92aWxsYS1wYXVsaW5lLmdhZXN0ZS1tYXBwZS5kZVwvd3AtY29udGVudFwvdXBsb2Fkc1wvMjAyNVwvMDRcL3NjaHdhcnp3YWxkLTQuanBnIiwic2xpZGVzaG93IjoiNTQ1YzhiYmYifQ%3D%3D\">\n\t\t\t\t\t<div class=\"e-gallery-image elementor-gallery-item__image\" data-thumbnail=\"https:\/\/villa-pauline.gaeste-mappe.de\/wp-content\/uploads\/2025\/04\/schwarzwald-4.jpg\" data-width=\"1200\" data-height=\"800\" aria-label=\"\" role=\"img\" ><\/div>\n\t\t\t\t\t\t\t\t\t\t\t<div class=\"elementor-gallery-item__overlay\"><\/div>\n\t\t\t\t\t\t\t\t\t\t\t\t\t\t<\/a>\n\t\t\t\t\t\t\t<a class=\"e-gallery-item elementor-gallery-item elementor-animated-content\" href=\"https:\/\/villa-pauline.gaeste-mappe.de\/wp-content\/uploads\/2025\/04\/schwarzwald-5.jpg\" data-elementor-open-lightbox=\"yes\" data-elementor-lightbox-slideshow=\"545c8bbf\" data-elementor-lightbox-title=\"schwarzwald-5.jpg\" data-e-action-hash=\"#elementor-action%3Aaction%3Dlightbox%26settings%3DeyJpZCI6MTM4NjEsInVybCI6Imh0dHBzOlwvXC92aWxsYS1wYXVsaW5lLmdhZXN0ZS1tYXBwZS5kZVwvd3AtY29udGVudFwvdXBsb2Fkc1wvMjAyNVwvMDRcL3NjaHdhcnp3YWxkLTUuanBnIiwic2xpZGVzaG93IjoiNTQ1YzhiYmYifQ%3D%3D\">\n\t\t\t\t\t<div class=\"e-gallery-image elementor-gallery-item__image\" data-thumbnail=\"https:\/\/villa-pauline.gaeste-mappe.de\/wp-content\/uploads\/2025\/04\/schwarzwald-5.jpg\" data-width=\"1200\" data-height=\"800\" aria-label=\"\" role=\"img\" ><\/div>\n\t\t\t\t\t\t\t\t\t\t\t<div class=\"elementor-gallery-item__overlay\"><\/div>\n\t\t\t\t\t\t\t\t\t\t\t\t\t\t<\/a>\n\t\t\t\t\t\t\t<a class=\"e-gallery-item elementor-gallery-item elementor-animated-content\" href=\"https:\/\/villa-pauline.gaeste-mappe.de\/wp-content\/uploads\/2025\/04\/schwarzwald-6.jpg\" data-elementor-open-lightbox=\"yes\" data-elementor-lightbox-slideshow=\"545c8bbf\" data-elementor-lightbox-title=\"schwarzwald-6.jpg\" data-e-action-hash=\"#elementor-action%3Aaction%3Dlightbox%26settings%3DeyJpZCI6MTM4NjIsInVybCI6Imh0dHBzOlwvXC92aWxsYS1wYXVsaW5lLmdhZXN0ZS1tYXBwZS5kZVwvd3AtY29udGVudFwvdXBsb2Fkc1wvMjAyNVwvMDRcL3NjaHdhcnp3YWxkLTYuanBnIiwic2xpZGVzaG93IjoiNTQ1YzhiYmYifQ%3D%3D\">\n\t\t\t\t\t<div class=\"e-gallery-image elementor-gallery-item__image\" data-thumbnail=\"https:\/\/villa-pauline.gaeste-mappe.de\/wp-content\/uploads\/2025\/04\/schwarzwald-6.jpg\" data-width=\"1200\" data-height=\"800\" aria-label=\"\" role=\"img\" ><\/div>\n\t\t\t\t\t\t\t\t\t\t\t<div class=\"elementor-gallery-item__overlay\"><\/div>\n\t\t\t\t\t\t\t\t\t\t\t\t\t\t<\/a>\n\t\t\t\t\t\t\t<a class=\"e-gallery-item elementor-gallery-item elementor-animated-content\" href=\"https:\/\/villa-pauline.gaeste-mappe.de\/wp-content\/uploads\/2025\/04\/schwarzwald-7.jpg\" data-elementor-open-lightbox=\"yes\" data-elementor-lightbox-slideshow=\"545c8bbf\" data-elementor-lightbox-title=\"schwarzwald-7.jpg\" data-e-action-hash=\"#elementor-action%3Aaction%3Dlightbox%26settings%3DeyJpZCI6MTM4NjMsInVybCI6Imh0dHBzOlwvXC92aWxsYS1wYXVsaW5lLmdhZXN0ZS1tYXBwZS5kZVwvd3AtY29udGVudFwvdXBsb2Fkc1wvMjAyNVwvMDRcL3NjaHdhcnp3YWxkLTcuanBnIiwic2xpZGVzaG93IjoiNTQ1YzhiYmYifQ%3D%3D\">\n\t\t\t\t\t<div class=\"e-gallery-image elementor-gallery-item__image\" data-thumbnail=\"https:\/\/villa-pauline.gaeste-mappe.de\/wp-content\/uploads\/2025\/04\/schwarzwald-7.jpg\" data-width=\"1200\" data-height=\"800\" aria-label=\"\" role=\"img\" ><\/div>\n\t\t\t\t\t\t\t\t\t\t\t<div class=\"elementor-gallery-item__overlay\"><\/div>\n\t\t\t\t\t\t\t\t\t\t\t\t\t\t<\/a>\n\t\t\t\t\t\t\t<a class=\"e-gallery-item elementor-gallery-item elementor-animated-content\" href=\"https:\/\/villa-pauline.gaeste-mappe.de\/wp-content\/uploads\/2025\/04\/schwarzwald-8.jpg\" data-elementor-open-lightbox=\"yes\" data-elementor-lightbox-slideshow=\"545c8bbf\" data-elementor-lightbox-title=\"schwarzwald-8.jpg\" data-e-action-hash=\"#elementor-action%3Aaction%3Dlightbox%26settings%3DeyJpZCI6MTM4NjQsInVybCI6Imh0dHBzOlwvXC92aWxsYS1wYXVsaW5lLmdhZXN0ZS1tYXBwZS5kZVwvd3AtY29udGVudFwvdXBsb2Fkc1wvMjAyNVwvMDRcL3NjaHdhcnp3YWxkLTguanBnIiwic2xpZGVzaG93IjoiNTQ1YzhiYmYifQ%3D%3D\">\n\t\t\t\t\t<div class=\"e-gallery-image elementor-gallery-item__image\" data-thumbnail=\"https:\/\/villa-pauline.gaeste-mappe.de\/wp-content\/uploads\/2025\/04\/schwarzwald-8.jpg\" data-width=\"1200\" data-height=\"531\" aria-label=\"\" role=\"img\" ><\/div>\n\t\t\t\t\t\t\t\t\t\t\t<div class=\"elementor-gallery-item__overlay\"><\/div>\n\t\t\t\t\t\t\t\t\t\t\t\t\t\t<\/a>\n\t\t\t\t\t\t\t<a class=\"e-gallery-item elementor-gallery-item elementor-animated-content\" href=\"https:\/\/villa-pauline.gaeste-mappe.de\/wp-content\/uploads\/2025\/04\/schwarzwald-9.jpg\" data-elementor-open-lightbox=\"yes\" data-elementor-lightbox-slideshow=\"545c8bbf\" data-elementor-lightbox-title=\"schwarzwald-9.jpg\" data-e-action-hash=\"#elementor-action%3Aaction%3Dlightbox%26settings%3DeyJpZCI6MTM4NjUsInVybCI6Imh0dHBzOlwvXC92aWxsYS1wYXVsaW5lLmdhZXN0ZS1tYXBwZS5kZVwvd3AtY29udGVudFwvdXBsb2Fkc1wvMjAyNVwvMDRcL3NjaHdhcnp3YWxkLTkuanBnIiwic2xpZGVzaG93IjoiNTQ1YzhiYmYifQ%3D%3D\">\n\t\t\t\t\t<div class=\"e-gallery-image elementor-gallery-item__image\" data-thumbnail=\"https:\/\/villa-pauline.gaeste-mappe.de\/wp-content\/uploads\/2025\/04\/schwarzwald-9.jpg\" data-width=\"1200\" data-height=\"800\" aria-label=\"\" role=\"img\" ><\/div>\n\t\t\t\t\t\t\t\t\t\t\t<div class=\"elementor-gallery-item__overlay\"><\/div>\n\t\t\t\t\t\t\t\t\t\t\t\t\t\t<\/a>\n\t\t\t\t\t\t\t<a class=\"e-gallery-item elementor-gallery-item elementor-animated-content\" href=\"https:\/\/villa-pauline.gaeste-mappe.de\/wp-content\/uploads\/2025\/04\/schwarzwald-10.jpg\" data-elementor-open-lightbox=\"yes\" data-elementor-lightbox-slideshow=\"545c8bbf\" data-elementor-lightbox-title=\"schwarzwald-10.jpg\" data-e-action-hash=\"#elementor-action%3Aaction%3Dlightbox%26settings%3DeyJpZCI6MTM4NjYsInVybCI6Imh0dHBzOlwvXC92aWxsYS1wYXVsaW5lLmdhZXN0ZS1tYXBwZS5kZVwvd3AtY29udGVudFwvdXBsb2Fkc1wvMjAyNVwvMDRcL3NjaHdhcnp3YWxkLTEwLmpwZyIsInNsaWRlc2hvdyI6IjU0NWM4YmJmIn0%3D\">\n\t\t\t\t\t<div class=\"e-gallery-image elementor-gallery-item__image\" data-thumbnail=\"https:\/\/villa-pauline.gaeste-mappe.de\/wp-content\/uploads\/2025\/04\/schwarzwald-10.jpg\" data-width=\"1200\" data-height=\"800\" aria-label=\"\" role=\"img\" ><\/div>\n\t\t\t\t\t\t\t\t\t\t\t<div class=\"elementor-gallery-item__overlay\"><\/div>\n\t\t\t\t\t\t\t\t\t\t\t\t\t\t<\/a>\n\t\t\t\t\t<\/div>\n\t\t\t\t\t<\/div>\n\t\t\t\t<\/div>\n\t\t\t\t\t<\/div>\n\t\t<\/div>\n\t\t\t\t\t<\/div>\n\t\t<\/section>\n\t\t\t\t<section class=\"elementor-section elementor-top-section elementor-element elementor-element-3c5cc789 elementor-section-boxed elementor-section-height-default elementor-section-height-default\" data-id=\"3c5cc789\" data-element_type=\"section\">\n\t\t\t\t\t\t<div class=\"elementor-container elementor-column-gap-default\">\n\t\t\t\t\t<div class=\"elementor-column elementor-col-100 elementor-top-column elementor-element elementor-element-2ab5fe6d\" data-id=\"2ab5fe6d\" data-element_type=\"column\">\n\t\t\t<div class=\"elementor-widget-wrap elementor-element-populated\">\n\t\t\t\t\t\t<div class=\"elementor-element elementor-element-5c5367a8 elementor-icon-list--layout-traditional elementor-list-item-link-full_width elementor-widget elementor-widget-icon-list\" data-id=\"5c5367a8\" data-element_type=\"widget\" data-widget_type=\"icon-list.default\">\n\t\t\t\t<div class=\"elementor-widget-container\">\n\t\t\t\t\t\t\t<ul class=\"elementor-icon-list-items\">\n\t\t\t\t\t\t\t<li class=\"elementor-icon-list-item\">\n\t\t\t\t\t\t\t\t\t\t\t<span class=\"elementor-icon-list-icon\">\n\t\t\t\t\t\t\t<svg xmlns=\"http:\/\/www.w3.org\/2000\/svg\" id=\"Layer_1\" height=\"512\" viewbox=\"0 0 480 480\" width=\"512\"><g><path d=\"m472 480h-464c-4.418 0-8-3.582-8-8s3.582-8 8-8h464c4.418 0 8 3.582 8 8s-3.582 8-8 8z\"><\/path><path d=\"m131.79 193.59c-20.45 39.53-24.41 85.86-10.95 128.33.93 2.94-.02 6.11-2.28 8.21-1.58 1.47-2.56 3.55-2.56 5.87v16.4c0 3.23-3.63 5.13-6.28 3.29l-6.16-4.27c-3.619-2.501-8.611-1.616-11.14 2.02-2.51 3.64-1.61 8.62 2.02 11.14l18.15 12.58c2.14 1.48 3.41 3.91 3.41 6.51v56.33c0 4.418-3.582 8-8 8s-8-3.582-8-8v-15.09c-40.554 10.559-80.024-19.434-81.93-60.24-.67-14.59 3.38-28.61 11.54-40.35 1.5-2.16 1.75-4.94.8-7.39-25.68-65.64 24.94-136.74 94.54-134.95 5.88.15 9.55 6.38 6.84 11.61z\"><\/path><path d=\"m387.75 177.78c-35.359 7.832-60.75 39.103-60.75 75.48v97.48c0 17.686 5.98 34.781 17.45 48.85 3.37 4.12 1.84 10.34-3.06 12.42-13.33 5.63-27.62 9.43-42.55 11.07-4.72.52-8.84-3.21-8.84-7.97v-24.56c0-2.58 1.25-5 3.34-6.5l20.32-14.54c8.61-6.19-.71-19.17-9.32-13.02l-8.01 5.74c-2.65 1.89-6.33 0-6.33-3.25v-35.98c0-10.59-16-10.59-16 0v15.99c0 3.26-3.69 5.15-6.33 3.25-8.56-6.13-8.36-6.13-9.67-6.67-8.73-3.52-15.33 8.43-7.66 13.94l20.32 14.54c2.09 1.5 3.34 3.92 3.34 6.5v69.45c0 4.418-3.582 8-8 8s-8-3.582-8-8v-17.89c-73.78-11.66-130.2-76.28-128.98-153.57 1.31-83.22 69.77-150.55 153-150.54 42.97.01 81.85 17.82 109.67 46.44 4.33 4.45 2.12 12.01-3.94 13.34z\"><\/path><path d=\"m183.758 424.181c-15.659 4.762-32.608 3.466-47.218-3.505-2.768-1.321-4.541-4.109-4.541-7.176v-37.18c0-7.648 9.734-10.838 14.298-4.7 11.164 15.015 24.67 28.01 39.78 38.46 5.469 3.783 4.042 12.166-2.319 14.101z\"><\/path><path d=\"m274.616 102.133c-47.89 1.982-93.337 24.745-124.075 62.778-1.839 2.275-4.768 3.337-7.648 2.829-15.117-2.661-31.177-2.329-46.796 1.373-5.907 1.4-11.22-3.923-9.662-9.79 14.507-54.63 53.079-159.323 109.285-159.323 39.225 0 69.018 51.56 85.911 90.987 2.208 5.152-1.414 10.914-7.015 11.146z\"><\/path><path d=\"m432.42 177.213c-2.332-.42-4.653-.727-6.939-.923-2.333-.199-4.49-1.354-5.85-3.26-25.342-35.515-63.942-60.63-107.935-68.424-4.938-.875-7.826-6.072-6.017-10.75l23.461-60.676c10.727-27.729 50-27.709 60.72 0l51.538 133.295c2.267 5.864-2.79 11.854-8.978 10.738z\"><\/path><path d=\"m480 253.26v97.48c0 30.16-21.91 55.29-50.64 60.33-4.89.86-9.36-2.93-9.36-7.89v-52.91c0-4.26-3.22-7.98-7.47-8.25-4.66-.3-8.53 3.38-8.53 7.98v90c0 4.418-3.582 8-8 8s-8-3.582-8-8v-30.2c-25.92-7.13-45-30.91-45-59.06v-97.48c0-33.833 27.427-61.26 61.26-61.26h14.48c33.833 0 61.26 27.427 61.26 61.26z\"><\/path><\/g><\/svg>\t\t\t\t\t\t<\/span>\n\t\t\t\t\t\t\t\t\t\t<span class=\"elementor-icon-list-text\">The Black Forest: A natural paradise in the heart of Europe<\/span>\n\t\t\t\t\t\t\t\t\t<\/li>\n\t\t\t\t\t\t<\/ul>\n\t\t\t\t\t\t<\/div>\n\t\t\t\t<\/div>\n\t\t\t\t\t<\/div>\n\t\t<\/div>\n\t\t\t\t\t<\/div>\n\t\t<\/section>\n\t\t\t\t<section class=\"elementor-section elementor-top-section elementor-element elementor-element-7d905d77 elementor-section-boxed elementor-section-height-default elementor-section-height-default\" data-id=\"7d905d77\" data-element_type=\"section\">\n\t\t\t\t\t\t<div class=\"elementor-container elementor-column-gap-default\">\n\t\t\t\t\t<div class=\"elementor-column elementor-col-100 elementor-top-column elementor-element elementor-element-396d961a\" data-id=\"396d961a\" data-element_type=\"column\">\n\t\t\t<div class=\"elementor-widget-wrap elementor-element-populated\">\n\t\t\t\t\t\t<div class=\"elementor-element elementor-element-5ba38b50 elementor-widget elementor-widget-text-editor\" data-id=\"5ba38b50\" data-element_type=\"widget\" data-widget_type=\"text-editor.default\">\n\t\t\t\t<div class=\"elementor-widget-container\">\n\t\t\t\t\t\t\t\t\t<p>The Black Forest, one of Germany&#039;s most famous regions, fascinates visitors from all over the world with its impressive landscape and rich cultural traditions.<\/p><p><strong>nature and landscape<\/strong><\/p><p>The natural beauty of the Black Forest stretches across rolling hills, dense forests and picturesque valleys. Majestic mountain peaks offer breathtaking views, while clear streams and lakes invite you to linger. Hiking trails meander through the landscape, enabling unforgettable experiences in the midst of untouched nature.<\/p><p><strong>Culture and tradition<\/strong><\/p><p>Away from nature, the Black Forest offers a rich cultural diversity. Historic towns and picturesque villages bear witness to a long history and traditional craftsmanship. From half-timbered houses to old mills, there is much to discover. The regional cuisine spoils you with Black Forest ham, cherry cake and other regional specialties.<\/p><p><strong>Activities and experiences<\/strong><\/p><p>The Black Forest has something for everyone: outdoor adventures such as hiking, cycling and skiing are just as possible as relaxing wellness stays in luxurious spas. Numerous theme parks and attractions ensure fun and entertainment for the whole family.<\/p><p><strong>Excursion destinations<\/strong><\/p><p>We have provided you with the following <a href=\"https:\/\/villa-pauline.gaeste-mappe.de\/en\/freizeitaktivitaeten\/\">Activities<\/a>, <a href=\"https:\/\/villa-pauline.gaeste-mappe.de\/en\/winteraktivitaeten\/\">Winter activities<\/a>, and <a href=\"https:\/\/villa-pauline.gaeste-mappe.de\/en\/veranstaltungen\/\">Events<\/a>\u00a0interesting excursion destinations.<\/p><p><strong>Conclusion<\/strong><\/p><p>The Black Forest is a true natural paradise and a place full of cultural treasures. Whether you want to enjoy the peace and quiet of nature, experience exciting activities or discover the regional culture, everyone will find their personal highlight here.<\/p><p>Further information about the Black Forest can be found at: <a href=\"https:\/\/www.schwarzwald-tourismus.info\/\" target=\"_blank\" rel=\"noopener\">https:\/\/www.schwarzwald-tourismus.info\/<\/a><\/p>\t\t\t\t\t\t\t\t<\/div>\n\t\t\t\t<\/div>\n\t\t\t\t\t<\/div>\n\t\t<\/div>\n\t\t\t\t\t<\/div>\n\t\t<\/section>\n\t\t\t\t<\/div>","protected":false},"excerpt":{"rendered":"<p>Der Schwarzwald Der Schwarzwald: Ein Naturparadies im Herzen Europas Der Schwarzwald, eine der bekanntesten Regionen Deutschlands, fasziniert Besucher aus aller Welt mit seiner beeindruckenden Landschaft und reichen kulturellen Traditionen. Natur und Landschaft Die nat\u00fcrliche Sch\u00f6nheit des Schwarzwaldes erstreckt sich \u00fcber sanfte H\u00fcgel, dichte W\u00e4lder und malerische T\u00e4ler. Majest\u00e4tische Berggipfel bieten atemberaubende Ausblicke, w\u00e4hrend klare B\u00e4che [&hellip;]<\/p>","protected":false},"author":2,"featured_media":0,"parent":0,"menu_order":0,"comment_status":"closed","ping_status":"closed","template":"","meta":{"site-sidebar-layout":"no-sidebar","site-content-layout":"page-builder","ast-site-content-layout":"default","site-content-style":"default","site-sidebar-style":"default","ast-global-header-display":"","ast-banner-title-visibility":"","ast-main-header-display":"","ast-hfb-above-header-display":"","ast-hfb-below-header-display":"","ast-hfb-mobile-header-display":"","site-post-title":"disabled","ast-breadcrumbs-content":"","ast-featured-img":"disabled","footer-sml-layout":"","theme-transparent-header-meta":"","adv-header-id-meta":"","stick-header-meta":"","header-above-stick-meta":"","header-main-stick-meta":"","header-below-stick-meta":"","astra-migrate-meta-layouts":"default","ast-page-background-enabled":"default","ast-page-background-meta":{"desktop":{"background-color":"var(--ast-global-color-4)","background-image":"","background-repeat":"repeat","background-position":"center center","background-size":"auto","background-attachment":"scroll","background-type":"","background-media":"","overlay-type":"","overlay-color":"","overlay-opacity":"","overlay-gradient":""},"tablet":{"background-color":"","background-image":"","background-repeat":"repeat","background-position":"center center","background-size":"auto","background-attachment":"scroll","background-type":"","background-media":"","overlay-type":"","overlay-color":"","overlay-opacity":"","overlay-gradient":""},"mobile":{"background-color":"","background-image":"","background-repeat":"repeat","background-position":"center center","background-size":"auto","background-attachment":"scroll","background-type":"","background-media":"","overlay-type":"","overlay-color":"","overlay-opacity":"","overlay-gradient":""}},"ast-content-background-meta":{"desktop":{"background-color":"var(--ast-global-color-5)","background-image":"","background-repeat":"repeat","background-position":"center center","background-size":"auto","background-attachment":"scroll","background-type":"","background-media":"","overlay-type":"","overlay-color":"","overlay-opacity":"","overlay-gradient":""},"tablet":{"background-color":"var(--ast-global-color-5)","background-image":"","background-repeat":"repeat","background-position":"center center","background-size":"auto","background-attachment":"scroll","background-type":"","background-media":"","overlay-type":"","overlay-color":"","overlay-opacity":"","overlay-gradient":""},"mobile":{"background-color":"var(--ast-global-color-5)","background-image":"","background-repeat":"repeat","background-position":"center center","background-size":"auto","background-attachment":"scroll","background-type":"","background-media":"","overlay-type":"","overlay-color":"","overlay-opacity":"","overlay-gradient":""}},"_glsr_average":0,"_glsr_ranking":0,"_glsr_reviews":0,"footnotes":""},"class_list":["post-343","page","type-page","status-publish","hentry"],"_links":{"self":[{"href":"https:\/\/villa-pauline.gaeste-mappe.de\/en\/wp-json\/wp\/v2\/pages\/343","targetHints":{"allow":["GET"]}}],"collection":[{"href":"https:\/\/villa-pauline.gaeste-mappe.de\/en\/wp-json\/wp\/v2\/pages"}],"about":[{"href":"https:\/\/villa-pauline.gaeste-mappe.de\/en\/wp-json\/wp\/v2\/types\/page"}],"author":[{"embeddable":true,"href":"https:\/\/villa-pauline.gaeste-mappe.de\/en\/wp-json\/wp\/v2\/users\/2"}],"replies":[{"embeddable":true,"href":"https:\/\/villa-pauline.gaeste-mappe.de\/en\/wp-json\/wp\/v2\/comments?post=343"}],"version-history":[{"count":99,"href":"https:\/\/villa-pauline.gaeste-mappe.de\/en\/wp-json\/wp\/v2\/pages\/343\/revisions"}],"predecessor-version":[{"id":13873,"href":"https:\/\/villa-pauline.gaeste-mappe.de\/en\/wp-json\/wp\/v2\/pages\/343\/revisions\/13873"}],"wp:attachment":[{"href":"https:\/\/villa-pauline.gaeste-mappe.de\/en\/wp-json\/wp\/v2\/media?parent=343"}],"curies":[{"name":"wp","href":"https:\/\/api.w.org\/{rel}","templated":true}]}}