{"id":353,"date":"2021-11-02T12:01:33","date_gmt":"2021-11-02T12:01:33","guid":{"rendered":"https:\/\/demo.zorentino.com\/?page_id=353"},"modified":"2025-03-19T18:36:09","modified_gmt":"2025-03-19T18:36:09","slug":"wetter","status":"publish","type":"page","link":"https:\/\/villa-pauline.gaeste-mappe.de\/en\/wetter\/","title":{"rendered":"Weather"},"content":{"rendered":"<div data-elementor-type=\"wp-page\" data-elementor-id=\"353\" class=\"elementor elementor-353\" data-elementor-post-type=\"page\">\n\t\t\t\t\t\t<section class=\"elementor-section elementor-top-section elementor-element elementor-element-56542d35 elementor-section-boxed elementor-section-height-default elementor-section-height-default\" data-id=\"56542d35\" data-element_type=\"section\" data-settings=\"{&quot;background_background&quot;:&quot;classic&quot;}\">\n\t\t\t\t\t\t<div class=\"elementor-container elementor-column-gap-default\">\n\t\t\t\t\t<div class=\"elementor-column elementor-col-100 elementor-top-column elementor-element elementor-element-7948b7df\" data-id=\"7948b7df\" data-element_type=\"column\">\n\t\t\t<div class=\"elementor-widget-wrap elementor-element-populated\">\n\t\t\t\t\t\t<div class=\"elementor-element elementor-element-6dc74b20 kopf elementor-icon-list--layout-traditional elementor-list-item-link-full_width elementor-widget elementor-widget-icon-list\" data-id=\"6dc74b20\" data-element_type=\"widget\" data-widget_type=\"icon-list.default\">\n\t\t\t\t<div class=\"elementor-widget-container\">\n\t\t\t\t\t\t\t<ul class=\"elementor-icon-list-items\">\n\t\t\t\t\t\t\t<li class=\"elementor-icon-list-item\">\n\t\t\t\t\t\t\t\t\t\t\t<span class=\"elementor-icon-list-icon\">\n\t\t\t\t\t\t\t<svg xmlns=\"http:\/\/www.w3.org\/2000\/svg\" id=\"Capa_1\" height=\"512\" viewbox=\"0 0 512 512\" width=\"512\"><g><path d=\"m184.743 95.179c8.284 0 15-6.716 15-15v-30.205c0-8.284-6.716-15-15-15s-15 6.716-15 15v30.205c0 8.284 6.716 15 15 15z\"><\/path><path d=\"m48.661 150.086-26.159-15.103c-7.175-4.144-16.349-1.684-20.49 5.49-4.142 7.175-1.684 16.349 5.49 20.49l26.159 15.103c7.158 4.134 16.339 1.701 20.49-5.49 4.142-7.175 1.684-16.349-5.49-20.49z\"><\/path><path d=\"m33.661 315.881-26.159 15.102c-13.24 7.643-7.804 27.993 7.514 27.993 6.797 0 8.514-3.285 33.644-17.115 7.174-4.142 9.632-13.315 5.49-20.49-4.141-7.174-13.313-9.635-20.489-5.49z\"><\/path><path d=\"m335.824 176.066 26.159-15.103c7.174-4.142 9.632-13.315 5.49-20.49-4.142-7.174-13.314-9.634-20.49-5.49l-26.159 15.103c-7.174 4.142-9.632 13.315-5.49 20.49 4.163 7.21 13.35 9.614 20.49 5.49z\"><\/path><path d=\"m154.425 283.951c11.133-60.994 60.273-107.714 121.616-115.76-22.027-25.817-54.781-42.218-91.299-42.218-66.168 0-119.999 53.832-119.999 120 0 31.602 12.285 60.385 32.324 81.838 13.873-20.359 34.122-35.895 57.358-43.86z\"><\/path><path d=\"m398.906 267.268c-16.986-41.975-58.153-70.295-104.305-70.295-61.881 0-111.832 49.866-112.486 111.356-42.605 4.674-75.013 41.206-75.013 84.066 0 46.636 37.941 84.577 84.576 84.577 236.012-.246 223.098.604 227.208-.672 52.427-5.912 93.114-50.378 93.114-104.326 0-61.607-52.642-109.441-113.094-104.706z\"><\/path><\/g><\/svg>\t\t\t\t\t\t<\/span>\n\t\t\t\t\t\t\t\t\t\t<span class=\"elementor-icon-list-text\">Weather<\/span>\n\t\t\t\t\t\t\t\t\t<\/li>\n\t\t\t\t\t\t<\/ul>\n\t\t\t\t\t\t<\/div>\n\t\t\t\t<\/div>\n\t\t\t\t<div class=\"elementor-element elementor-element-4b48a5cf elementor-widget-divider--view-line elementor-widget elementor-widget-divider\" data-id=\"4b48a5cf\" data-element_type=\"widget\" data-widget_type=\"divider.default\">\n\t\t\t\t<div class=\"elementor-widget-container\">\n\t\t\t\t\t\t\t<div class=\"elementor-divider\">\n\t\t\t<span class=\"elementor-divider-separator\">\n\t\t\t\t\t\t<\/span>\n\t\t<\/div>\n\t\t\t\t\t\t<\/div>\n\t\t\t\t<\/div>\n\t\t\t\t\t<\/div>\n\t\t<\/div>\n\t\t\t\t\t<\/div>\n\t\t<\/section>\n\t\t\t\t<section class=\"elementor-section elementor-top-section elementor-element elementor-element-21b543d2 elementor-section-boxed elementor-section-height-default elementor-section-height-default\" data-id=\"21b543d2\" data-element_type=\"section\">\n\t\t\t\t\t\t<div class=\"elementor-container elementor-column-gap-default\">\n\t\t\t\t\t<div class=\"elementor-column elementor-col-100 elementor-top-column elementor-element elementor-element-39facfd8\" data-id=\"39facfd8\" data-element_type=\"column\">\n\t\t\t<div class=\"elementor-widget-wrap elementor-element-populated\">\n\t\t\t\t\t\t<div class=\"elementor-element elementor-element-9e51857 elementor-icon-list--layout-traditional elementor-list-item-link-full_width elementor-widget elementor-widget-icon-list\" data-id=\"9e51857\" data-element_type=\"widget\" data-widget_type=\"icon-list.default\">\n\t\t\t\t<div class=\"elementor-widget-container\">\n\t\t\t\t\t\t\t<ul class=\"elementor-icon-list-items\">\n\t\t\t\t\t\t\t<li class=\"elementor-icon-list-item\">\n\t\t\t\t\t\t\t\t\t\t\t<span class=\"elementor-icon-list-icon\">\n\t\t\t\t\t\t\t<svg xmlns=\"http:\/\/www.w3.org\/2000\/svg\" xmlns:svg=\"http:\/\/www.w3.org\/2000\/svg\" id=\"svg237\" xml:space=\"preserve\" width=\"682.66669\" height=\"682.66669\" viewbox=\"0 0 682.66669 682.66669\"><defs id=\"defs241\"><clippath clippathunits=\"userSpaceOnUse\" id=\"clipPath251\"><path d=\"M 0,512 H 512 V 0 H 0 Z\" id=\"path249\"><\/path><\/clippath><\/defs><g id=\"g243\" transform=\"matrix(1.3333333,0,0,-1.3333333,0,682.66667)\"><g id=\"g245\"><g id=\"g247\" clip-path=\"url(#clipPath251)\"><g id=\"g253\" transform=\"translate(88.7036,157.9536)\"><path d=\"M 0,0 C 0.966,0 1.926,-0.222 2.882,-0.261 4.045,32.583 31.033,59 64.161,59 c 30.518,0 55.825,-22.811 60.533,-52 2.026,0.251 4.303,0.689 6.397,0.689 27.438,0 50.205,-22.53 50.205,-49.969 0,-6.357 -1.933,-12.434 -4.109,-18.022 13.139,-6.876 22.109,-20.63 22.109,-36.487 0,-22.734 -18.43,-41.165 -41.165,-41.165 H 0 c -37.944,0 -68.704,30.76 -68.704,68.704 C -68.704,-31.307 -37.944,0 0,0 Z\" style=\"fill:none;stroke:#000000;stroke-width:40;stroke-linecap:round;stroke-linejoin:round;stroke-miterlimit:10;stroke-dasharray:none;stroke-opacity:1\" id=\"path255\"><\/path><\/g><g id=\"g257\" transform=\"translate(341,149.8286)\"><path d=\"m 0,0 c 31.092,24.924 51,63.223 51,106.171 0,75.111 -60.889,136 -136,136 -65.513,0 -120.206,-46.322 -133.115,-108\" style=\"fill:none;stroke:#000000;stroke-width:40;stroke-linecap:round;stroke-linejoin:round;stroke-miterlimit:10;stroke-dasharray:none;stroke-opacity:1\" id=\"path259\"><\/path><\/g><g id=\"g261\" transform=\"translate(472,256)\"><path d=\"M 0,0 H 20\" style=\"fill:none;stroke:#000000;stroke-width:40;stroke-linecap:round;stroke-linejoin:round;stroke-miterlimit:10;stroke-dasharray:none;stroke-opacity:1\" id=\"path263\"><\/path><\/g><g id=\"g265\" transform=\"translate(40,256)\"><path d=\"M 0,0 H -20\" style=\"fill:none;stroke:#000000;stroke-width:40;stroke-linecap:round;stroke-linejoin:round;stroke-miterlimit:10;stroke-dasharray:none;stroke-opacity:1\" id=\"path267\"><\/path><\/g><g id=\"g269\" transform=\"translate(368.7754,440.2217)\"><path d=\"M 0,0 10.442,17.058\" style=\"fill:none;stroke:#000000;stroke-width:40;stroke-linecap:round;stroke-linejoin:round;stroke-miterlimit:10;stroke-dasharray:none;stroke-opacity:1\" id=\"path271\"><\/path><\/g><g id=\"g273\" transform=\"translate(368.7754,70.7783)\"><path d=\"M 0,0 10.442,-17.058\" style=\"fill:none;stroke:#000000;stroke-width:40;stroke-linecap:round;stroke-linejoin:round;stroke-miterlimit:10;stroke-dasharray:none;stroke-opacity:1\" id=\"path275\"><\/path><\/g><g id=\"g277\" transform=\"translate(147.9873,443.0542)\"><path d=\"M 0,0 -10.001,17.32\" style=\"fill:none;stroke:#000000;stroke-width:40;stroke-linecap:round;stroke-linejoin:round;stroke-miterlimit:10;stroke-dasharray:none;stroke-opacity:1\" id=\"path279\"><\/path><\/g><g id=\"g281\" transform=\"translate(444.0859,150.021)\"><path d=\"M 0,0 17.427,-9.813\" style=\"fill:none;stroke:#000000;stroke-width:40;stroke-linecap:round;stroke-linejoin:round;stroke-miterlimit:10;stroke-dasharray:none;stroke-opacity:1\" id=\"path283\"><\/path><\/g><g id=\"g285\" transform=\"translate(67.6626,361.9868)\"><path d=\"M 0,0 -17.427,9.813\" style=\"fill:none;stroke:#000000;stroke-width:40;stroke-linecap:round;stroke-linejoin:round;stroke-miterlimit:10;stroke-dasharray:none;stroke-opacity:1\" id=\"path287\"><\/path><\/g><g id=\"g289\" transform=\"translate(444.5317,361.1909)\"><path d=\"M 0,0 17.468,9.739\" style=\"fill:none;stroke:#000000;stroke-width:40;stroke-linecap:round;stroke-linejoin:round;stroke-miterlimit:10;stroke-dasharray:none;stroke-opacity:1\" id=\"path291\"><\/path><\/g><g id=\"g293\" transform=\"translate(253,471.9912)\"><path d=\"M 0,0 V 19.999\" style=\"fill:none;stroke:#000000;stroke-width:40;stroke-linecap:round;stroke-linejoin:round;stroke-miterlimit:10;stroke-dasharray:none;stroke-opacity:1\" id=\"path295\"><\/path><\/g><\/g><\/g><\/g><\/svg>\t\t\t\t\t\t<\/span>\n\t\t\t\t\t\t\t\t\t\t<span class=\"elementor-icon-list-text\">Das Wetter in Baiersbronn<\/span>\n\t\t\t\t\t\t\t\t\t<\/li>\n\t\t\t\t\t\t<\/ul>\n\t\t\t\t\t\t<\/div>\n\t\t\t\t<\/div>\n\t\t\t\t\t<\/div>\n\t\t<\/div>\n\t\t\t\t\t<\/div>\n\t\t<\/section>\n\t\t\t\t<section class=\"elementor-section elementor-top-section elementor-element elementor-element-7f065e1 elementor-section-boxed elementor-section-height-default elementor-section-height-default\" data-id=\"7f065e1\" data-element_type=\"section\">\n\t\t\t\t\t\t<div class=\"elementor-container elementor-column-gap-default\">\n\t\t\t\t\t<div class=\"elementor-column elementor-col-100 elementor-top-column elementor-element elementor-element-cc0e5bd\" data-id=\"cc0e5bd\" data-element_type=\"column\">\n\t\t\t<div class=\"elementor-widget-wrap elementor-element-populated\">\n\t\t\t\t\t\t<div class=\"elementor-element elementor-element-94af8e4 elementor-widget elementor-widget-text-editor\" data-id=\"94af8e4\" data-element_type=\"widget\" data-widget_type=\"text-editor.default\">\n\t\t\t\t<div class=\"elementor-widget-container\">\n\t\t\t\t\t\t\t\t\t<p>Here you will find the forecast for the current day and for the next three days.<\/p>\t\t\t\t\t\t\t\t<\/div>\n\t\t\t\t<\/div>\n\t\t\t\t\t<\/div>\n\t\t<\/div>\n\t\t\t\t\t<\/div>\n\t\t<\/section>\n\t\t\t\t<section class=\"elementor-section elementor-top-section elementor-element elementor-element-4fec5b6 elementor-section-boxed elementor-section-height-default elementor-section-height-default\" data-id=\"4fec5b6\" data-element_type=\"section\">\n\t\t\t\t\t\t<div class=\"elementor-container elementor-column-gap-default\">\n\t\t\t\t\t<div class=\"elementor-column elementor-col-100 elementor-top-column elementor-element elementor-element-21084d3\" data-id=\"21084d3\" data-element_type=\"column\">\n\t\t\t<div class=\"elementor-widget-wrap elementor-element-populated\">\n\t\t\t\t\t\t<div class=\"elementor-element elementor-element-8f0c815 elementor-widget elementor-widget-html\" data-id=\"8f0c815\" data-element_type=\"widget\" data-widget_type=\"html.default\">\n\t\t\t\t<div class=\"elementor-widget-container\">\n\t\t\t\t\t<iframe width='300' height='365' name='FC3' style='border:1px solid;border-color:transparent;' src='https:\/\/api.wetteronline.de\/wetterwidget?gid=z4623&modeid=FC3&seourl=baiersbronn&locationname=Baiersbronn&lang=de'><\/iframe>\t\t\t\t<\/div>\n\t\t\t\t<\/div>\n\t\t\t\t\t<\/div>\n\t\t<\/div>\n\t\t\t\t\t<\/div>\n\t\t<\/section>\n\t\t\t\t<\/div>","protected":false},"excerpt":{"rendered":"<p>Wetter Das Wetter in Baiersbronn Hier finden Sie jeweils die Prognose f\u00fcr den aktuellen Tag und f\u00fcr die n\u00e4chsten drei Tage.<\/p>","protected":false},"author":2,"featured_media":0,"parent":0,"menu_order":0,"comment_status":"closed","ping_status":"closed","template":"","meta":{"site-sidebar-layout":"no-sidebar","site-content-layout":"page-builder","ast-site-content-layout":"default","site-content-style":"default","site-sidebar-style":"default","ast-global-header-display":"","ast-banner-title-visibility":"","ast-main-header-display":"","ast-hfb-above-header-display":"","ast-hfb-below-header-display":"","ast-hfb-mobile-header-display":"","site-post-title":"disabled","ast-breadcrumbs-content":"","ast-featured-img":"disabled","footer-sml-layout":"","theme-transparent-header-meta":"","adv-header-id-meta":"","stick-header-meta":"","header-above-stick-meta":"","header-main-stick-meta":"","header-below-stick-meta":"","astra-migrate-meta-layouts":"default","ast-page-background-enabled":"default","ast-page-background-meta":{"desktop":{"background-color":"var(--ast-global-color-4)","background-image":"","background-repeat":"repeat","background-position":"center center","background-size":"auto","background-attachment":"scroll","background-type":"","background-media":"","overlay-type":"","overlay-color":"","overlay-opacity":"","overlay-gradient":""},"tablet":{"background-color":"","background-image":"","background-repeat":"repeat","background-position":"center center","background-size":"auto","background-attachment":"scroll","background-type":"","background-media":"","overlay-type":"","overlay-color":"","overlay-opacity":"","overlay-gradient":""},"mobile":{"background-color":"","background-image":"","background-repeat":"repeat","background-position":"center center","background-size":"auto","background-attachment":"scroll","background-type":"","background-media":"","overlay-type":"","overlay-color":"","overlay-opacity":"","overlay-gradient":""}},"ast-content-background-meta":{"desktop":{"background-color":"var(--ast-global-color-5)","background-image":"","background-repeat":"repeat","background-position":"center center","background-size":"auto","background-attachment":"scroll","background-type":"","background-media":"","overlay-type":"","overlay-color":"","overlay-opacity":"","overlay-gradient":""},"tablet":{"background-color":"var(--ast-global-color-5)","background-image":"","background-repeat":"repeat","background-position":"center center","background-size":"auto","background-attachment":"scroll","background-type":"","background-media":"","overlay-type":"","overlay-color":"","overlay-opacity":"","overlay-gradient":""},"mobile":{"background-color":"var(--ast-global-color-5)","background-image":"","background-repeat":"repeat","background-position":"center center","background-size":"auto","background-attachment":"scroll","background-type":"","background-media":"","overlay-type":"","overlay-color":"","overlay-opacity":"","overlay-gradient":""}},"_glsr_average":0,"_glsr_ranking":0,"_glsr_reviews":0,"footnotes":""},"class_list":["post-353","page","type-page","status-publish","hentry"],"_links":{"self":[{"href":"https:\/\/villa-pauline.gaeste-mappe.de\/en\/wp-json\/wp\/v2\/pages\/353","targetHints":{"allow":["GET"]}}],"collection":[{"href":"https:\/\/villa-pauline.gaeste-mappe.de\/en\/wp-json\/wp\/v2\/pages"}],"about":[{"href":"https:\/\/villa-pauline.gaeste-mappe.de\/en\/wp-json\/wp\/v2\/types\/page"}],"author":[{"embeddable":true,"href":"https:\/\/villa-pauline.gaeste-mappe.de\/en\/wp-json\/wp\/v2\/users\/2"}],"replies":[{"embeddable":true,"href":"https:\/\/villa-pauline.gaeste-mappe.de\/en\/wp-json\/wp\/v2\/comments?post=353"}],"version-history":[{"count":22,"href":"https:\/\/villa-pauline.gaeste-mappe.de\/en\/wp-json\/wp\/v2\/pages\/353\/revisions"}],"predecessor-version":[{"id":13671,"href":"https:\/\/villa-pauline.gaeste-mappe.de\/en\/wp-json\/wp\/v2\/pages\/353\/revisions\/13671"}],"wp:attachment":[{"href":"https:\/\/villa-pauline.gaeste-mappe.de\/en\/wp-json\/wp\/v2\/media?parent=353"}],"curies":[{"name":"wp","href":"https:\/\/api.w.org\/{rel}","templated":true}]}}