{"id":361,"date":"2021-11-02T12:03:12","date_gmt":"2021-11-02T12:03:12","guid":{"rendered":"https:\/\/demo.zorentino.com\/?page_id=361"},"modified":"2025-10-11T12:02:24","modified_gmt":"2025-10-11T12:02:24","slug":"check-in-out","status":"publish","type":"page","link":"https:\/\/villa-pauline.gaeste-mappe.de\/en\/check-in-out\/","title":{"rendered":"Check in\/out"},"content":{"rendered":"<div data-elementor-type=\"wp-page\" data-elementor-id=\"361\" class=\"elementor elementor-361\" data-elementor-post-type=\"page\">\n\t\t\t\t\t\t<section class=\"elementor-section elementor-top-section elementor-element elementor-element-4d5ad368 elementor-section-boxed elementor-section-height-default elementor-section-height-default\" data-id=\"4d5ad368\" data-element_type=\"section\" data-settings=\"{&quot;background_background&quot;:&quot;classic&quot;}\">\n\t\t\t\t\t\t<div class=\"elementor-container elementor-column-gap-default\">\n\t\t\t\t\t<div class=\"elementor-column elementor-col-100 elementor-top-column elementor-element elementor-element-ba981dc\" data-id=\"ba981dc\" data-element_type=\"column\">\n\t\t\t<div class=\"elementor-widget-wrap elementor-element-populated\">\n\t\t\t\t\t\t<div class=\"elementor-element elementor-element-2a159ae kopf elementor-icon-list--layout-traditional elementor-list-item-link-full_width elementor-widget elementor-widget-icon-list\" data-id=\"2a159ae\" data-element_type=\"widget\" data-widget_type=\"icon-list.default\">\n\t\t\t\t<div class=\"elementor-widget-container\">\n\t\t\t\t\t\t\t<ul class=\"elementor-icon-list-items\">\n\t\t\t\t\t\t\t<li class=\"elementor-icon-list-item\">\n\t\t\t\t\t\t\t\t\t\t\t<span class=\"elementor-icon-list-icon\">\n\t\t\t\t\t\t\t<i aria-hidden=\"true\" class=\"fas fa-key\"><\/i>\t\t\t\t\t\t<\/span>\n\t\t\t\t\t\t\t\t\t\t<span class=\"elementor-icon-list-text\">Check in \/ out<\/span>\n\t\t\t\t\t\t\t\t\t<\/li>\n\t\t\t\t\t\t<\/ul>\n\t\t\t\t\t\t<\/div>\n\t\t\t\t<\/div>\n\t\t\t\t<div class=\"elementor-element elementor-element-b69d4a4 elementor-widget-divider--view-line elementor-widget elementor-widget-divider\" data-id=\"b69d4a4\" data-element_type=\"widget\" data-widget_type=\"divider.default\">\n\t\t\t\t<div class=\"elementor-widget-container\">\n\t\t\t\t\t\t\t<div class=\"elementor-divider\">\n\t\t\t<span class=\"elementor-divider-separator\">\n\t\t\t\t\t\t<\/span>\n\t\t<\/div>\n\t\t\t\t\t\t<\/div>\n\t\t\t\t<\/div>\n\t\t\t\t\t<\/div>\n\t\t<\/div>\n\t\t\t\t\t<\/div>\n\t\t<\/section>\n\t\t\t\t<section class=\"elementor-section elementor-top-section elementor-element elementor-element-588a5e53 elementor-section-boxed elementor-section-height-default elementor-section-height-default\" data-id=\"588a5e53\" data-element_type=\"section\">\n\t\t\t\t\t\t<div class=\"elementor-container elementor-column-gap-default\">\n\t\t\t\t\t<div class=\"elementor-column elementor-col-100 elementor-top-column elementor-element elementor-element-5881868\" data-id=\"5881868\" data-element_type=\"column\">\n\t\t\t<div class=\"elementor-widget-wrap elementor-element-populated\">\n\t\t\t\t\t\t<div class=\"elementor-element elementor-element-2de2d2d1 elementor-widget elementor-widget-text-editor\" data-id=\"2de2d2d1\" data-element_type=\"widget\" data-widget_type=\"text-editor.default\">\n\t\t\t\t<div class=\"elementor-widget-container\">\n\t\t\t\t\t\t\t\t\t<p>Here you will find information on the day of your arrival and departure. Further information about the day of arrival can be found in the section <span style=\"text-decoration: underline;\"><a href=\"https:\/\/villa-pauline.gaeste-mappe.de\/en\/anfahrt\/\">\"Directions\"<\/a><\/span>.<\/p>\t\t\t\t\t\t\t\t<\/div>\n\t\t\t\t<\/div>\n\t\t\t\t\t<\/div>\n\t\t<\/div>\n\t\t\t\t\t<\/div>\n\t\t<\/section>\n\t\t\t\t<section class=\"elementor-section elementor-top-section elementor-element elementor-element-5cda3962 elementor-section-boxed elementor-section-height-default elementor-section-height-default\" data-id=\"5cda3962\" data-element_type=\"section\">\n\t\t\t\t\t\t<div class=\"elementor-container elementor-column-gap-default\">\n\t\t\t\t\t<div class=\"elementor-column elementor-col-100 elementor-top-column elementor-element elementor-element-3605b9d9\" data-id=\"3605b9d9\" data-element_type=\"column\">\n\t\t\t<div class=\"elementor-widget-wrap elementor-element-populated\">\n\t\t\t\t\t\t<div class=\"elementor-element elementor-element-46e3ee7e elementor-icon-list--layout-traditional elementor-list-item-link-full_width elementor-widget elementor-widget-icon-list\" data-id=\"46e3ee7e\" data-element_type=\"widget\" data-widget_type=\"icon-list.default\">\n\t\t\t\t<div class=\"elementor-widget-container\">\n\t\t\t\t\t\t\t<ul class=\"elementor-icon-list-items\">\n\t\t\t\t\t\t\t<li class=\"elementor-icon-list-item\">\n\t\t\t\t\t\t\t\t\t\t\t<span class=\"elementor-icon-list-icon\">\n\t\t\t\t\t\t\t<svg xmlns=\"http:\/\/www.w3.org\/2000\/svg\" id=\"Capa_1\" height=\"512\" viewbox=\"0 0 512 512\" width=\"512\"><g><g><path d=\"m498.584 154.956-225.997-149.954c-10.052-6.67-23.121-6.67-33.173 0l-225.998 149.954c-13.805 9.16-17.571 27.778-8.411 41.583 9.161 13.806 27.779 17.57 41.584 8.411l209.411-138.947 209.41 138.948c5.103 3.386 10.862 5.006 16.559 5.006 9.716 0 19.251-4.714 25.025-13.417 9.161-13.806 5.395-32.424-8.41-41.584z\"><\/path><\/g><g><path d=\"m268.502 313.874c7.08-19.934 2.033-42.437-12.857-57.327-10.388-10.388-24.2-16.109-38.891-16.109s-28.503 5.722-38.891 16.109c-10.388 10.388-16.109 24.199-16.109 38.891 0 14.69 5.721 28.502 16.109 38.891 14.891 14.89 37.394 19.938 57.328 12.858 1.639-.582 3.336-.865 5.018-.865 3.913 0 7.747 1.531 10.609 4.394l84.004 84.003 15.425-3.085v-23.916l-78.216-78.218c-4.093-4.091-5.466-10.173-3.529-15.626zm-41.141-21.973-14.142 14.143c-2.929 2.929-6.768 4.394-10.607 4.394s-7.677-1.464-10.606-4.394c-5.858-5.857-5.858-15.354 0-21.213l14.142-14.143c5.858-5.857 15.355-5.859 21.213 0 5.857 5.857 5.857 15.354 0 21.213z\"><\/path><path d=\"m476 482h-25v-250.608l-195-129.386-195 129.387v250.607h-25c-8.284 0-15 6.716-15 15s6.716 15 15 15h440c8.284 0 15-6.716 15-15s-6.716-15-15-15zm-95.754-38.071c0 7.15-5.047 13.307-12.058 14.709l-35.355 7.071c-.979.195-1.964.291-2.942.291-3.938 0-7.766-1.553-10.606-4.394l-83.424-83.423c-28.272 6.482-58.493-1.925-79.211-22.644-16.054-16.055-24.896-37.399-24.896-60.104s8.842-44.05 24.896-60.104c16.054-16.055 37.399-24.896 60.104-24.896 22.704 0 44.05 8.842 60.104 24.896 20.719 20.719 29.125 50.94 22.643 79.211l76.352 76.353c2.813 2.813 4.394 6.628 4.394 10.606v42.428z\"><\/path><\/g><\/g><\/svg>\t\t\t\t\t\t<\/span>\n\t\t\t\t\t\t\t\t\t\t<span class=\"elementor-icon-list-text\">Arrival and key handover<\/span>\n\t\t\t\t\t\t\t\t\t<\/li>\n\t\t\t\t\t\t<\/ul>\n\t\t\t\t\t\t<\/div>\n\t\t\t\t<\/div>\n\t\t\t\t\t<\/div>\n\t\t<\/div>\n\t\t\t\t\t<\/div>\n\t\t<\/section>\n\t\t\t\t<section class=\"elementor-section elementor-top-section elementor-element elementor-element-3956fbfd elementor-section-boxed elementor-section-height-default elementor-section-height-default\" data-id=\"3956fbfd\" data-element_type=\"section\">\n\t\t\t\t\t\t<div class=\"elementor-container elementor-column-gap-default\">\n\t\t\t\t\t<div class=\"elementor-column elementor-col-100 elementor-top-column elementor-element elementor-element-74be31fe\" data-id=\"74be31fe\" data-element_type=\"column\">\n\t\t\t<div class=\"elementor-widget-wrap elementor-element-populated\">\n\t\t\t\t\t\t<div class=\"elementor-element elementor-element-86283ec elementor-widget elementor-widget-text-editor\" data-id=\"86283ec\" data-element_type=\"widget\" data-widget_type=\"text-editor.default\">\n\t\t\t\t<div class=\"elementor-widget-container\">\n\t\t\t\t\t\t\t\t\t<p>Check-in is possible from 4 pm.<\/p><p>When you arrive, we will place the key for the flat in the key box. The key box is fitted with a combination lock, which is located under the black cover - we will inform you of the number combination and the location of the key box before your arrival. This way you can enter the flat yourself and we do not have to arrange a time.<\/p><p>We will come round later to welcome you.<\/p>\t\t\t\t\t\t\t\t<\/div>\n\t\t\t\t<\/div>\n\t\t\t\t\t<\/div>\n\t\t<\/div>\n\t\t\t\t\t<\/div>\n\t\t<\/section>\n\t\t\t\t<section class=\"elementor-section elementor-top-section elementor-element elementor-element-729b5564 elementor-section-boxed elementor-section-height-default elementor-section-height-default\" data-id=\"729b5564\" data-element_type=\"section\">\n\t\t\t\t\t\t<div class=\"elementor-container elementor-column-gap-default\">\n\t\t\t\t\t<div class=\"elementor-column elementor-col-100 elementor-top-column elementor-element elementor-element-7eedc96c\" data-id=\"7eedc96c\" data-element_type=\"column\">\n\t\t\t<div class=\"elementor-widget-wrap elementor-element-populated\">\n\t\t\t\t\t\t<div class=\"elementor-element elementor-element-2cef6992 elementor-icon-list--layout-traditional elementor-list-item-link-full_width elementor-widget elementor-widget-icon-list\" data-id=\"2cef6992\" data-element_type=\"widget\" data-widget_type=\"icon-list.default\">\n\t\t\t\t<div class=\"elementor-widget-container\">\n\t\t\t\t\t\t\t<ul class=\"elementor-icon-list-items\">\n\t\t\t\t\t\t\t<li class=\"elementor-icon-list-item\">\n\t\t\t\t\t\t\t\t\t\t\t<span class=\"elementor-icon-list-icon\">\n\t\t\t\t\t\t\t<svg xmlns=\"http:\/\/www.w3.org\/2000\/svg\" height=\"512\" viewbox=\"0 0 88 88\" width=\"512\"><g id=\"Suitcase\"><path d=\"m29 71v-28a6.9737 6.9737 0 0 1 2-4.8895v-8.1105a1 1 0 0 1 2 0v6.6851a6.9445 6.9445 0 0 1 3-.6851h7v-10a4.0042 4.0042 0 0 0 -4-4h-34a4.0042 4.0042 0 0 0 -4 4v46a4.0042 4.0042 0 0 0 4 4h26.1105a6.9762 6.9762 0 0 1 -2.1105-5zm-16-3a1 1 0 0 1 -2 0v-38a1 1 0 0 1 2 0zm10 0a1 1 0 0 1 -2 0v-38a1 1 0 0 1 2 0z\"><\/path><rect height=\"8\" rx=\"2\" width=\"26\" x=\"9\" y=\"6\"><\/rect><path d=\"m7 80a2.0059 2.0059 0 0 0 2 2h6a2.0059 2.0059 0 0 0 2-2v-2h-10z\"><\/path><path d=\"m27 80a2.0059 2.0059 0 0 0 2 2h6a2.0059 2.0059 0 0 0 2-2v-2h-10z\"><\/path><path d=\"m40 80a2.0059 2.0059 0 0 0 2 2h6a2.0059 2.0059 0 0 0 2-2v-2h-10z\"><\/path><path d=\"m68 80a2.0059 2.0059 0 0 0 2 2h6a2.0059 2.0059 0 0 0 2-2v-2h-10z\"><\/path><path d=\"m71 38h4v38h-4z\"><\/path><path d=\"m49 38h20v38h-20z\"><\/path><path d=\"m43 38h4v38h-4z\"><\/path><path d=\"m82 38h-5v38h5a5.0059 5.0059 0 0 0 5-5v-28a5.0059 5.0059 0 0 0 -5-5z\"><\/path><path d=\"m31 43v28a5.0059 5.0059 0 0 0 5 5h5v-38h-5a5.0059 5.0059 0 0 0 -5 5z\"><\/path><path d=\"m54 34h10v2h6v-5a3.0088 3.0088 0 0 0 -3-3h-16a3.0088 3.0088 0 0 0 -3 3v5h6z\"><\/path><path d=\"m24 16h6v4h-6z\"><\/path><path d=\"m14 16h6v4h-6z\"><\/path><\/g><\/svg>\t\t\t\t\t\t<\/span>\n\t\t\t\t\t\t\t\t\t\t<span class=\"elementor-icon-list-text\">Departure, final cleaning and key return<\/span>\n\t\t\t\t\t\t\t\t\t<\/li>\n\t\t\t\t\t\t<\/ul>\n\t\t\t\t\t\t<\/div>\n\t\t\t\t<\/div>\n\t\t\t\t\t<\/div>\n\t\t<\/div>\n\t\t\t\t\t<\/div>\n\t\t<\/section>\n\t\t\t\t<section class=\"elementor-section elementor-top-section elementor-element elementor-element-670e3db8 elementor-section-boxed elementor-section-height-default elementor-section-height-default\" data-id=\"670e3db8\" data-element_type=\"section\">\n\t\t\t\t\t\t<div class=\"elementor-container elementor-column-gap-default\">\n\t\t\t\t\t<div class=\"elementor-column elementor-col-100 elementor-top-column elementor-element elementor-element-5de59a1d\" data-id=\"5de59a1d\" data-element_type=\"column\">\n\t\t\t<div class=\"elementor-widget-wrap elementor-element-populated\">\n\t\t\t\t\t\t<div class=\"elementor-element elementor-element-70bf2b44 elementor-widget elementor-widget-text-editor\" data-id=\"70bf2b44\" data-element_type=\"widget\" data-widget_type=\"text-editor.default\">\n\t\t\t\t<div class=\"elementor-widget-container\">\n\t\t\t\t\t\t\t\t\t<p>Check-out must take place by 10 am.<\/p><p>Final cleaning is included in the price, so you don't have to do anything else apart from taking out the rubbish, emptying the fridge and starting the dishwasher on the day of departure.<\/p><p>Die Schl\u00fcssel am Abreisetag bitte einfach auf dem Tisch liegen lassen.<\/p>\t\t\t\t\t\t\t\t<\/div>\n\t\t\t\t<\/div>\n\t\t\t\t\t<\/div>\n\t\t<\/div>\n\t\t\t\t\t<\/div>\n\t\t<\/section>\n\t\t\t\t<\/div>","protected":false},"excerpt":{"rendered":"<p>Check-In \/ Out Hier finden Sie Informationen zum Tag Ihrer Ankunft und zum Abreisetag. Weitere Informationen zum Anreisetag finden Sie in der Rubrik \u201eAnfahrt\u201c. Anreise und Schl\u00fcssel\u00fcbergabe Der Check-in ist ab 16 Uhr m\u00f6glich. Wenn Sie anreisen, werden wir den Schl\u00fcssel f\u00fcr die Wohnung in den Schl\u00fcsselkasten legen. Der Schl\u00fcsselkasten ist mit einem Zahlenschlo\u00df versehen, [&hellip;]<\/p>","protected":false},"author":2,"featured_media":0,"parent":0,"menu_order":0,"comment_status":"closed","ping_status":"closed","template":"","meta":{"site-sidebar-layout":"no-sidebar","site-content-layout":"page-builder","ast-site-content-layout":"default","site-content-style":"default","site-sidebar-style":"default","ast-global-header-display":"","ast-banner-title-visibility":"","ast-main-header-display":"","ast-hfb-above-header-display":"","ast-hfb-below-header-display":"","ast-hfb-mobile-header-display":"","site-post-title":"disabled","ast-breadcrumbs-content":"","ast-featured-img":"disabled","footer-sml-layout":"","theme-transparent-header-meta":"","adv-header-id-meta":"","stick-header-meta":"","header-above-stick-meta":"","header-main-stick-meta":"","header-below-stick-meta":"","astra-migrate-meta-layouts":"default","ast-page-background-enabled":"default","ast-page-background-meta":{"desktop":{"background-color":"var(--ast-global-color-4)","background-image":"","background-repeat":"repeat","background-position":"center center","background-size":"auto","background-attachment":"scroll","background-type":"","background-media":"","overlay-type":"","overlay-color":"","overlay-opacity":"","overlay-gradient":""},"tablet":{"background-color":"","background-image":"","background-repeat":"repeat","background-position":"center center","background-size":"auto","background-attachment":"scroll","background-type":"","background-media":"","overlay-type":"","overlay-color":"","overlay-opacity":"","overlay-gradient":""},"mobile":{"background-color":"","background-image":"","background-repeat":"repeat","background-position":"center center","background-size":"auto","background-attachment":"scroll","background-type":"","background-media":"","overlay-type":"","overlay-color":"","overlay-opacity":"","overlay-gradient":""}},"ast-content-background-meta":{"desktop":{"background-color":"var(--ast-global-color-5)","background-image":"","background-repeat":"repeat","background-position":"center center","background-size":"auto","background-attachment":"scroll","background-type":"","background-media":"","overlay-type":"","overlay-color":"","overlay-opacity":"","overlay-gradient":""},"tablet":{"background-color":"var(--ast-global-color-5)","background-image":"","background-repeat":"repeat","background-position":"center center","background-size":"auto","background-attachment":"scroll","background-type":"","background-media":"","overlay-type":"","overlay-color":"","overlay-opacity":"","overlay-gradient":""},"mobile":{"background-color":"var(--ast-global-color-5)","background-image":"","background-repeat":"repeat","background-position":"center center","background-size":"auto","background-attachment":"scroll","background-type":"","background-media":"","overlay-type":"","overlay-color":"","overlay-opacity":"","overlay-gradient":""}},"_glsr_average":0,"_glsr_ranking":0,"_glsr_reviews":0,"footnotes":""},"class_list":["post-361","page","type-page","status-publish","hentry"],"_links":{"self":[{"href":"https:\/\/villa-pauline.gaeste-mappe.de\/en\/wp-json\/wp\/v2\/pages\/361","targetHints":{"allow":["GET"]}}],"collection":[{"href":"https:\/\/villa-pauline.gaeste-mappe.de\/en\/wp-json\/wp\/v2\/pages"}],"about":[{"href":"https:\/\/villa-pauline.gaeste-mappe.de\/en\/wp-json\/wp\/v2\/types\/page"}],"author":[{"embeddable":true,"href":"https:\/\/villa-pauline.gaeste-mappe.de\/en\/wp-json\/wp\/v2\/users\/2"}],"replies":[{"embeddable":true,"href":"https:\/\/villa-pauline.gaeste-mappe.de\/en\/wp-json\/wp\/v2\/comments?post=361"}],"version-history":[{"count":88,"href":"https:\/\/villa-pauline.gaeste-mappe.de\/en\/wp-json\/wp\/v2\/pages\/361\/revisions"}],"predecessor-version":[{"id":13950,"href":"https:\/\/villa-pauline.gaeste-mappe.de\/en\/wp-json\/wp\/v2\/pages\/361\/revisions\/13950"}],"wp:attachment":[{"href":"https:\/\/villa-pauline.gaeste-mappe.de\/en\/wp-json\/wp\/v2\/media?parent=361"}],"curies":[{"name":"wp","href":"https:\/\/api.w.org\/{rel}","templated":true}]}}