{"id":6617,"date":"2023-05-27T13:22:14","date_gmt":"2023-05-27T13:22:14","guid":{"rendered":"https:\/\/naturliebeharz.gaeste-mappe.com\/?page_id=6617"},"modified":"2025-10-25T10:59:01","modified_gmt":"2025-10-25T10:59:01","slug":"veranstaltungen","status":"publish","type":"page","link":"https:\/\/villa-pauline.gaeste-mappe.de\/en\/veranstaltungen\/","title":{"rendered":"Events"},"content":{"rendered":"<div data-elementor-type=\"wp-page\" data-elementor-id=\"6617\" class=\"elementor elementor-6617\" data-elementor-post-type=\"page\">\n\t\t\t\t\t\t<section class=\"elementor-section elementor-top-section elementor-element elementor-element-56542d35 elementor-section-boxed elementor-section-height-default elementor-section-height-default\" data-id=\"56542d35\" data-element_type=\"section\" data-settings=\"{&quot;background_background&quot;:&quot;classic&quot;}\">\n\t\t\t\t\t\t<div class=\"elementor-container elementor-column-gap-default\">\n\t\t\t\t\t<div class=\"elementor-column elementor-col-100 elementor-top-column elementor-element elementor-element-7948b7df\" data-id=\"7948b7df\" data-element_type=\"column\">\n\t\t\t<div class=\"elementor-widget-wrap elementor-element-populated\">\n\t\t\t\t\t\t<div class=\"elementor-element elementor-element-6dc74b20 kopf elementor-icon-list--layout-traditional elementor-list-item-link-full_width elementor-widget elementor-widget-icon-list\" data-id=\"6dc74b20\" data-element_type=\"widget\" data-widget_type=\"icon-list.default\">\n\t\t\t\t<div class=\"elementor-widget-container\">\n\t\t\t\t\t\t\t<ul class=\"elementor-icon-list-items\">\n\t\t\t\t\t\t\t<li class=\"elementor-icon-list-item\">\n\t\t\t\t\t\t\t\t\t\t\t<span class=\"elementor-icon-list-icon\">\n\t\t\t\t\t\t\t<svg xmlns=\"http:\/\/www.w3.org\/2000\/svg\" xmlns:xlink=\"http:\/\/www.w3.org\/1999\/xlink\" id=\"Capa_1\" x=\"0px\" y=\"0px\" width=\"467.46px\" height=\"467.46px\" viewbox=\"0 0 467.46 467.46\" style=\"enable-background:new 0 0 467.46 467.46;\" xml:space=\"preserve\"><g>\t<path d=\"M459.035,0l-4.877,4.246l-3.495-3.502L447.104,4.3l-3.811-3.805l-6.652,6.652l3.803,3.811l-3.551,3.557l2.569,2.564  L398.07,50.984l1.871,1.871l-99.312,93.521c-33.854-26.848-77.167-30.122-101.416-5.873c-8.668,8.66-16.932,22.947-23.019,39.434  c-5.328,3.821-11.625,7.229-17.38,7.447c0,0,22.193,20.694-11.469,48.37c-33.663,27.691-50.368,11.974-57.851,2.997  c0,0-1.252,9.654-9.363,20.738c-22.658,4.693-44.803,14.139-58.956,30.128c-38.397,43.393-14.963,98.743,18.446,132.153  c40.972,40.972,93.257,66.331,136.144,23.443c14.938-14.932,25.011-36.199,29.499-59.029c11.447-8.7,21.62-10.034,21.62-10.034  c-8.975-7.482-24.682-24.189,2.993-57.852c27.676-33.662,48.366-11.47,48.366-11.47c0.208-5.594,3.442-11.705,7.137-16.935  c16.723-6.104,31.234-14.451,39.998-23.207c24.249-24.249,20.975-67.565-5.875-101.417l93.546-99.346l1.839,1.837l34.079-41.15  l2.4,2.392l3.555-3.559l3.804,3.811l6.664-6.674l-3.812-3.805l3.559-3.559l-3.266-3.264l4.268-4.853L459.035,0z\"><\/path><\/g><g><\/g><g><\/g><g><\/g><g><\/g><g><\/g><g><\/g><g><\/g><g><\/g><g><\/g><g><\/g><g><\/g><g><\/g><g><\/g><g><\/g><g><\/g><\/svg>\t\t\t\t\t\t<\/span>\n\t\t\t\t\t\t\t\t\t\t<span class=\"elementor-icon-list-text\">Events<\/span>\n\t\t\t\t\t\t\t\t\t<\/li>\n\t\t\t\t\t\t<\/ul>\n\t\t\t\t\t\t<\/div>\n\t\t\t\t<\/div>\n\t\t\t\t<div class=\"elementor-element elementor-element-4b48a5cf elementor-widget-divider--view-line elementor-widget elementor-widget-divider\" data-id=\"4b48a5cf\" data-element_type=\"widget\" data-widget_type=\"divider.default\">\n\t\t\t\t<div class=\"elementor-widget-container\">\n\t\t\t\t\t\t\t<div class=\"elementor-divider\">\n\t\t\t<span class=\"elementor-divider-separator\">\n\t\t\t\t\t\t<\/span>\n\t\t<\/div>\n\t\t\t\t\t\t<\/div>\n\t\t\t\t<\/div>\n\t\t\t\t\t<\/div>\n\t\t<\/div>\n\t\t\t\t\t<\/div>\n\t\t<\/section>\n\t\t<div class=\"elementor-element elementor-element-9b0f7f4 e-flex e-con-boxed e-con e-parent\" data-id=\"9b0f7f4\" data-element_type=\"container\">\n\t\t\t\t\t<div class=\"e-con-inner\">\n\t\t<div class=\"elementor-element elementor-element-7176753 e-con-full e-flex e-con e-child\" data-id=\"7176753\" data-element_type=\"container\">\n\t\t\t\t<div class=\"elementor-element elementor-element-ad374d5 elementor-widget elementor-widget-image\" data-id=\"ad374d5\" data-element_type=\"widget\" data-widget_type=\"image.default\">\n\t\t\t\t<div class=\"elementor-widget-container\">\n\t\t\t\t\t\t\t\t\t\t\t\t\t\t\t\t<a href=\"https:\/\/www.baiersbronn.de\/entdecken-erleben\/veranstaltungen\/veranstaltungen\" target=\"_blank\" rel=\"noopener\">\n\t\t\t\t\t\t\t<img fetchpriority=\"high\" decoding=\"async\" width=\"800\" height=\"400\" src=\"https:\/\/villa-pauline.gaeste-mappe.de\/wp-content\/uploads\/2025\/10\/veran-baiersbron1.jpg\" class=\"attachment-large size-large wp-image-14014\" alt=\"\" srcset=\"https:\/\/villa-pauline.gaeste-mappe.de\/wp-content\/uploads\/2025\/10\/veran-baiersbron1.jpg 800w, https:\/\/villa-pauline.gaeste-mappe.de\/wp-content\/uploads\/2025\/10\/veran-baiersbron1-300x150.jpg 300w, https:\/\/villa-pauline.gaeste-mappe.de\/wp-content\/uploads\/2025\/10\/veran-baiersbron1-768x384.jpg 768w, https:\/\/villa-pauline.gaeste-mappe.de\/wp-content\/uploads\/2025\/10\/veran-baiersbron1-18x9.jpg 18w\" sizes=\"(max-width: 800px) 100vw, 800px\" \/>\t\t\t\t\t\t\t\t<\/a>\n\t\t\t\t\t\t\t\t\t\t\t\t\t\t\t<\/div>\n\t\t\t\t<\/div>\n\t\t\t\t<\/div>\n\t\t<div class=\"elementor-element elementor-element-fb9ae51 e-con-full e-flex e-con e-child\" data-id=\"fb9ae51\" data-element_type=\"container\">\n\t\t\t\t<div class=\"elementor-element elementor-element-3c5ece3 elementor-widget elementor-widget-image\" data-id=\"3c5ece3\" data-element_type=\"widget\" data-widget_type=\"image.default\">\n\t\t\t\t<div class=\"elementor-widget-container\">\n\t\t\t\t\t\t\t\t\t\t\t\t\t\t\t\t<a href=\"https:\/\/www.baiersbronn.de\/entdecken-erleben\/veranstaltungen\/veranstaltungen\" target=\"_blank\" rel=\"noopener\">\n\t\t\t\t\t\t\t<img decoding=\"async\" width=\"800\" height=\"400\" src=\"https:\/\/villa-pauline.gaeste-mappe.de\/wp-content\/uploads\/2025\/10\/veran-baiersbron2.jpg\" class=\"attachment-large size-large wp-image-14013\" alt=\"\" srcset=\"https:\/\/villa-pauline.gaeste-mappe.de\/wp-content\/uploads\/2025\/10\/veran-baiersbron2.jpg 800w, https:\/\/villa-pauline.gaeste-mappe.de\/wp-content\/uploads\/2025\/10\/veran-baiersbron2-300x150.jpg 300w, https:\/\/villa-pauline.gaeste-mappe.de\/wp-content\/uploads\/2025\/10\/veran-baiersbron2-768x384.jpg 768w, https:\/\/villa-pauline.gaeste-mappe.de\/wp-content\/uploads\/2025\/10\/veran-baiersbron2-18x9.jpg 18w\" sizes=\"(max-width: 800px) 100vw, 800px\" \/>\t\t\t\t\t\t\t\t<\/a>\n\t\t\t\t\t\t\t\t\t\t\t\t\t\t\t<\/div>\n\t\t\t\t<\/div>\n\t\t\t\t<\/div>\n\t\t\t\t\t<\/div>\n\t\t\t\t<\/div>\n\t\t\t\t<section class=\"elementor-section elementor-top-section elementor-element elementor-element-71fa424c elementor-section-boxed elementor-section-height-default elementor-section-height-default\" data-id=\"71fa424c\" data-element_type=\"section\">\n\t\t\t\t\t\t<div class=\"elementor-container elementor-column-gap-default\">\n\t\t\t\t\t<div class=\"elementor-column elementor-col-100 elementor-top-column elementor-element elementor-element-1f3b5af1\" data-id=\"1f3b5af1\" data-element_type=\"column\">\n\t\t\t<div class=\"elementor-widget-wrap elementor-element-populated\">\n\t\t\t\t\t\t<div class=\"elementor-element elementor-element-1ce3ea86 elementor-widget elementor-widget-text-editor\" data-id=\"1ce3ea86\" data-element_type=\"widget\" data-widget_type=\"text-editor.default\">\n\t\t\t\t<div class=\"elementor-widget-container\">\n\t\t\t\t\t\t\t\t\t<p data-start=\"0\" data-end=\"552\">Entdecken Sie das vielf\u00e4ltige Veranstaltungsangebot von Baiersbronn im Herzen des Schwarzwaldes! Von meditativen Wanderungen \u00fcber stimmungsvolle Open-Air-Musik bis hin zu lebhaften Festen und Familienaktionen \u2013 hier finden Sie Woche f\u00fcr Woche neue H\u00f6hepunkte, die Ihren Aufenthalt bereichern. <br \/><br \/>Auf der offiziellen Seite erhalten Sie einen vollst\u00e4ndigen \u00dcberblick \u00fcber alle geplanten Events sowie eine spezielle Rubrik nur f\u00fcr Kinder\u2010 und Familienveranstaltungen.<\/p><p data-start=\"554\" data-end=\"947\">Nutzen Sie diese Seite, um Ihren Urlaub ganz nach Ihren Vorlieben zu gestalten \u2013 ob Sie Ruhe in der Natur w\u00fcnschen oder Teil eines geselligen Erlebnisses werden m\u00f6chten. <br \/><br \/>Viele Angebote sind saisonal abgestimmt und spiegeln die typischen Jahreszeitenstimmungen wider \u2013 damit das pure Schwarzwald-Erlebnis garantiert ist.\u00a0<\/p>\t\t\t\t\t\t\t\t<\/div>\n\t\t\t\t<\/div>\n\t\t\t\t\t<\/div>\n\t\t<\/div>\n\t\t\t\t\t<\/div>\n\t\t<\/section>\n\t\t\t\t<section class=\"elementor-section elementor-top-section elementor-element elementor-element-384eb8b elementor-section-boxed elementor-section-height-default elementor-section-height-default\" data-id=\"384eb8b\" data-element_type=\"section\">\n\t\t\t\t\t\t<div class=\"elementor-container elementor-column-gap-default\">\n\t\t\t\t\t<div class=\"elementor-column elementor-col-100 elementor-top-column elementor-element elementor-element-651706a3\" data-id=\"651706a3\" data-element_type=\"column\">\n\t\t\t<div class=\"elementor-widget-wrap elementor-element-populated\">\n\t\t\t\t\t\t<div class=\"elementor-element elementor-element-6dfb92e0 elementor-mobile-align-justify elementor-widget elementor-widget-button\" data-id=\"6dfb92e0\" data-element_type=\"widget\" data-widget_type=\"button.default\">\n\t\t\t\t<div class=\"elementor-widget-container\">\n\t\t\t\t\t\t\t\t\t<div class=\"elementor-button-wrapper\">\n\t\t\t\t\t<a class=\"elementor-button elementor-button-link elementor-size-sm\" href=\"https:\/\/www.baiersbronn.de\/entdecken-erleben\/veranstaltungen\/veranstaltungen\" target=\"_blank\" rel=\"noopener\">\n\t\t\t\t\t\t<span class=\"elementor-button-content-wrapper\">\n\t\t\t\t\t\t\t\t\t<span class=\"elementor-button-text\">Zu der \u00dcbersicht der Veranstaltungen<\/span>\n\t\t\t\t\t<\/span>\n\t\t\t\t\t<\/a>\n\t\t\t\t<\/div>\n\t\t\t\t\t\t\t\t<\/div>\n\t\t\t\t<\/div>\n\t\t\t\t\t<\/div>\n\t\t<\/div>\n\t\t\t\t\t<\/div>\n\t\t<\/section>\n\t\t\t\t<\/div>","protected":false},"excerpt":{"rendered":"<p>Veranstaltungen Entdecken Sie das vielf\u00e4ltige Veranstaltungsangebot von Baiersbronn im Herzen des Schwarzwaldes! Von meditativen Wanderungen \u00fcber stimmungsvolle Open-Air-Musik bis hin zu lebhaften Festen und Familienaktionen \u2013 hier finden Sie Woche f\u00fcr Woche neue H\u00f6hepunkte, die Ihren Aufenthalt bereichern. Auf der offiziellen Seite erhalten Sie einen vollst\u00e4ndigen \u00dcberblick \u00fcber alle geplanten Events sowie eine spezielle Rubrik [&hellip;]<\/p>","protected":false},"author":2,"featured_media":0,"parent":0,"menu_order":0,"comment_status":"closed","ping_status":"closed","template":"","meta":{"site-sidebar-layout":"no-sidebar","site-content-layout":"page-builder","ast-site-content-layout":"default","site-content-style":"default","site-sidebar-style":"default","ast-global-header-display":"","ast-banner-title-visibility":"","ast-main-header-display":"","ast-hfb-above-header-display":"","ast-hfb-below-header-display":"","ast-hfb-mobile-header-display":"","site-post-title":"disabled","ast-breadcrumbs-content":"","ast-featured-img":"disabled","footer-sml-layout":"","theme-transparent-header-meta":"","adv-header-id-meta":"","stick-header-meta":"","header-above-stick-meta":"","header-main-stick-meta":"","header-below-stick-meta":"","astra-migrate-meta-layouts":"default","ast-page-background-enabled":"default","ast-page-background-meta":{"desktop":{"background-color":"var(--ast-global-color-4)","background-image":"","background-repeat":"repeat","background-position":"center center","background-size":"auto","background-attachment":"scroll","background-type":"","background-media":"","overlay-type":"","overlay-color":"","overlay-opacity":"","overlay-gradient":""},"tablet":{"background-color":"","background-image":"","background-repeat":"repeat","background-position":"center center","background-size":"auto","background-attachment":"scroll","background-type":"","background-media":"","overlay-type":"","overlay-color":"","overlay-opacity":"","overlay-gradient":""},"mobile":{"background-color":"","background-image":"","background-repeat":"repeat","background-position":"center center","background-size":"auto","background-attachment":"scroll","background-type":"","background-media":"","overlay-type":"","overlay-color":"","overlay-opacity":"","overlay-gradient":""}},"ast-content-background-meta":{"desktop":{"background-color":"var(--ast-global-color-5)","background-image":"","background-repeat":"repeat","background-position":"center center","background-size":"auto","background-attachment":"scroll","background-type":"","background-media":"","overlay-type":"","overlay-color":"","overlay-opacity":"","overlay-gradient":""},"tablet":{"background-color":"var(--ast-global-color-5)","background-image":"","background-repeat":"repeat","background-position":"center center","background-size":"auto","background-attachment":"scroll","background-type":"","background-media":"","overlay-type":"","overlay-color":"","overlay-opacity":"","overlay-gradient":""},"mobile":{"background-color":"var(--ast-global-color-5)","background-image":"","background-repeat":"repeat","background-position":"center center","background-size":"auto","background-attachment":"scroll","background-type":"","background-media":"","overlay-type":"","overlay-color":"","overlay-opacity":"","overlay-gradient":""}},"_glsr_average":0,"_glsr_ranking":0,"_glsr_reviews":0,"footnotes":""},"class_list":["post-6617","page","type-page","status-publish","hentry"],"_links":{"self":[{"href":"https:\/\/villa-pauline.gaeste-mappe.de\/en\/wp-json\/wp\/v2\/pages\/6617","targetHints":{"allow":["GET"]}}],"collection":[{"href":"https:\/\/villa-pauline.gaeste-mappe.de\/en\/wp-json\/wp\/v2\/pages"}],"about":[{"href":"https:\/\/villa-pauline.gaeste-mappe.de\/en\/wp-json\/wp\/v2\/types\/page"}],"author":[{"embeddable":true,"href":"https:\/\/villa-pauline.gaeste-mappe.de\/en\/wp-json\/wp\/v2\/users\/2"}],"replies":[{"embeddable":true,"href":"https:\/\/villa-pauline.gaeste-mappe.de\/en\/wp-json\/wp\/v2\/comments?post=6617"}],"version-history":[{"count":112,"href":"https:\/\/villa-pauline.gaeste-mappe.de\/en\/wp-json\/wp\/v2\/pages\/6617\/revisions"}],"predecessor-version":[{"id":14017,"href":"https:\/\/villa-pauline.gaeste-mappe.de\/en\/wp-json\/wp\/v2\/pages\/6617\/revisions\/14017"}],"wp:attachment":[{"href":"https:\/\/villa-pauline.gaeste-mappe.de\/en\/wp-json\/wp\/v2\/media?parent=6617"}],"curies":[{"name":"wp","href":"https:\/\/api.w.org\/{rel}","templated":true}]}}