{"id":6619,"date":"2023-05-27T13:22:43","date_gmt":"2023-05-27T13:22:43","guid":{"rendered":"https:\/\/naturliebeharz.gaeste-mappe.com\/?page_id=6619"},"modified":"2025-10-11T13:29:23","modified_gmt":"2025-10-11T13:29:23","slug":"e-auto-laden","status":"publish","type":"page","link":"https:\/\/villa-pauline.gaeste-mappe.de\/en\/e-auto-laden\/","title":{"rendered":"E-car charging"},"content":{"rendered":"<div data-elementor-type=\"wp-page\" data-elementor-id=\"6619\" class=\"elementor elementor-6619\" data-elementor-post-type=\"page\">\n\t\t\t\t\t\t<section class=\"elementor-section elementor-top-section elementor-element elementor-element-56542d35 elementor-section-boxed elementor-section-height-default elementor-section-height-default\" data-id=\"56542d35\" data-element_type=\"section\" data-settings=\"{&quot;background_background&quot;:&quot;classic&quot;}\">\n\t\t\t\t\t\t<div class=\"elementor-container elementor-column-gap-default\">\n\t\t\t\t\t<div class=\"elementor-column elementor-col-100 elementor-top-column elementor-element elementor-element-7948b7df\" data-id=\"7948b7df\" data-element_type=\"column\">\n\t\t\t<div class=\"elementor-widget-wrap elementor-element-populated\">\n\t\t\t\t\t\t<div class=\"elementor-element elementor-element-6dc74b20 kopf elementor-icon-list--layout-traditional elementor-list-item-link-full_width elementor-widget elementor-widget-icon-list\" data-id=\"6dc74b20\" data-element_type=\"widget\" data-widget_type=\"icon-list.default\">\n\t\t\t\t<div class=\"elementor-widget-container\">\n\t\t\t\t\t\t\t<ul class=\"elementor-icon-list-items\">\n\t\t\t\t\t\t\t<li class=\"elementor-icon-list-item\">\n\t\t\t\t\t\t\t\t\t\t\t<span class=\"elementor-icon-list-icon\">\n\t\t\t\t\t\t\t<svg xmlns=\"http:\/\/www.w3.org\/2000\/svg\" xmlns:xlink=\"http:\/\/www.w3.org\/1999\/xlink\" width=\"512\" height=\"512\" x=\"0\" y=\"0\" viewbox=\"0 0 67 67\" style=\"enable-background:new 0 0 512 512\" xml:space=\"preserve\" fill-rule=\"evenodd\"><g><path d=\"M22.917 37.5H18.75v-4.167a2.085 2.085 0 0 0-2.083-2.083c-1.15 0-2.084.934-2.084 2.083V37.5H12.5a2.083 2.083 0 0 0-2.083 2.083v4.167a10.416 10.416 0 0 0 8.333 10.206V62.5a2.084 2.084 0 0 0 4.167 0v-8.544A10.412 10.412 0 0 0 31.25 43.75v-4.167c0-1.15-.933-2.083-2.083-2.083h-2.084v-4.167a2.084 2.084 0 0 0-4.166 0zM39.75 8.898l-2.57 1.605-2.43-3.878a2.084 2.084 0 0 0-3.531 2.212l2.428 3.875-3.501 2.188a2.08 2.08 0 0 0-.478 3.122l11.999 13.999v13.812c0 .324.075.643.22.932l1.863 3.727V62.5c0 1.151.933 2.083 2.083 2.083h6.25a2.083 2.083 0 0 0 2.084-2.083V50.492l1.863-3.727c.145-.289.22-.608.22-.932V31.25c0-.17-.021-.34-.062-.505l-6.25-25a2.084 2.084 0 0 0-3.125-1.262l-3.53 2.206-2.274-3.629a2.085 2.085 0 0 0-2.872-.659 2.086 2.086 0 0 0-.659 2.872l2.272 3.625zM52.083 43.75h-6.25v1.592l1.288 2.575h3.675l1.287-2.575zm0-4.167h-6.25v-4.166h6.25z\" fill=\"#ffffff\" opacity=\"1\" data-original=\"#000000\"><\/path><\/g><\/svg>\t\t\t\t\t\t<\/span>\n\t\t\t\t\t\t\t\t\t\t<span class=\"elementor-icon-list-text\">Charging an electric car<\/span>\n\t\t\t\t\t\t\t\t\t<\/li>\n\t\t\t\t\t\t<\/ul>\n\t\t\t\t\t\t<\/div>\n\t\t\t\t<\/div>\n\t\t\t\t\t<\/div>\n\t\t<\/div>\n\t\t\t\t\t<\/div>\n\t\t<\/section>\n\t\t<div class=\"elementor-element elementor-element-66dc6f1 elementor-hidden-desktop elementor-hidden-tablet e-flex e-con-boxed e-con e-parent\" data-id=\"66dc6f1\" data-element_type=\"container\">\n\t\t\t\t\t<div class=\"e-con-inner\">\n\t\t\t\t<div class=\"elementor-element elementor-element-e20d277 elementor-widget elementor-widget-image\" data-id=\"e20d277\" data-element_type=\"widget\" data-widget_type=\"image.default\">\n\t\t\t\t<div class=\"elementor-widget-container\">\n\t\t\t\t\t\t\t\t\t\t\t\t\t\t\t<img fetchpriority=\"high\" decoding=\"async\" width=\"1160\" height=\"290\" src=\"https:\/\/villa-pauline.gaeste-mappe.de\/wp-content\/uploads\/2025\/04\/E-Auto-Lang.jpg\" class=\"attachment-full size-full wp-image-13814\" alt=\"\" srcset=\"https:\/\/villa-pauline.gaeste-mappe.de\/wp-content\/uploads\/2025\/04\/E-Auto-Lang.jpg 1160w, https:\/\/villa-pauline.gaeste-mappe.de\/wp-content\/uploads\/2025\/04\/E-Auto-Lang-300x75.jpg 300w, https:\/\/villa-pauline.gaeste-mappe.de\/wp-content\/uploads\/2025\/04\/E-Auto-Lang-1024x256.jpg 1024w, https:\/\/villa-pauline.gaeste-mappe.de\/wp-content\/uploads\/2025\/04\/E-Auto-Lang-768x192.jpg 768w, https:\/\/villa-pauline.gaeste-mappe.de\/wp-content\/uploads\/2025\/04\/E-Auto-Lang-18x5.jpg 18w\" sizes=\"(max-width: 1160px) 100vw, 1160px\" \/>\t\t\t\t\t\t\t\t\t\t\t\t\t\t\t<\/div>\n\t\t\t\t<\/div>\n\t\t\t\t\t<\/div>\n\t\t\t\t<\/div>\n\t\t\t\t<section class=\"elementor-section elementor-top-section elementor-element elementor-element-16322e10 elementor-section-boxed elementor-section-height-default elementor-section-height-default\" data-id=\"16322e10\" data-element_type=\"section\">\n\t\t\t\t\t\t<div class=\"elementor-container elementor-column-gap-default\">\n\t\t\t\t\t<div class=\"elementor-column elementor-col-50 elementor-top-column elementor-element elementor-element-3feaa1f6 elementor-hidden-mobile\" data-id=\"3feaa1f6\" data-element_type=\"column\">\n\t\t\t<div class=\"elementor-widget-wrap elementor-element-populated\">\n\t\t\t\t\t\t<div class=\"elementor-element elementor-element-192c7e5 elementor-widget elementor-widget-image\" data-id=\"192c7e5\" data-element_type=\"widget\" data-widget_type=\"image.default\">\n\t\t\t\t<div class=\"elementor-widget-container\">\n\t\t\t\t\t\t\t\t\t\t\t\t\t\t\t<img decoding=\"async\" width=\"600\" height=\"401\" src=\"https:\/\/villa-pauline.gaeste-mappe.de\/wp-content\/uploads\/2023\/06\/E-Auto.jpg\" class=\"attachment-full size-full wp-image-7230\" alt=\"\" srcset=\"https:\/\/villa-pauline.gaeste-mappe.de\/wp-content\/uploads\/2023\/06\/E-Auto.jpg 600w, https:\/\/villa-pauline.gaeste-mappe.de\/wp-content\/uploads\/2023\/06\/E-Auto-300x201.jpg 300w\" sizes=\"(max-width: 600px) 100vw, 600px\" \/>\t\t\t\t\t\t\t\t\t\t\t\t\t\t\t<\/div>\n\t\t\t\t<\/div>\n\t\t\t\t\t<\/div>\n\t\t<\/div>\n\t\t\t\t<div class=\"elementor-column elementor-col-50 elementor-top-column elementor-element elementor-element-76762d1\" data-id=\"76762d1\" data-element_type=\"column\">\n\t\t\t<div class=\"elementor-widget-wrap elementor-element-populated\">\n\t\t\t\t\t\t<div class=\"elementor-element elementor-element-0a11493 elementor-widget elementor-widget-text-editor\" data-id=\"0a11493\" data-element_type=\"widget\" data-widget_type=\"text-editor.default\">\n\t\t\t\t<div class=\"elementor-widget-container\">\n\t\t\t\t\t\t\t\t\t<p>A wallbox is available at our holiday home for charging your electric car. Please note that the wallbox does not have a separate electricity meter.<\/p>\n<p>Nevertheless, we want the charging process to be fair and uncomplicated.<\/p>\n<p>We therefore ask you to simply let us know at the end of your stay how much you have charged - a rough estimate will suffice. We will then bill you very generously and transparently.<\/p>\n<p>Thank you for your honesty and your trust!<\/p>\t\t\t\t\t\t\t\t<\/div>\n\t\t\t\t<\/div>\n\t\t\t\t\t<\/div>\n\t\t<\/div>\n\t\t\t\t\t<\/div>\n\t\t<\/section>\n\t\t\t\t<section class=\"elementor-section elementor-top-section elementor-element elementor-element-c891d38 elementor-section-boxed elementor-section-height-default elementor-section-height-default\" data-id=\"c891d38\" data-element_type=\"section\">\n\t\t\t\t\t\t<div class=\"elementor-container elementor-column-gap-default\">\n\t\t\t\t\t<div class=\"elementor-column elementor-col-100 elementor-top-column elementor-element elementor-element-84a6c87\" data-id=\"84a6c87\" data-element_type=\"column\">\n\t\t\t<div class=\"elementor-widget-wrap elementor-element-populated\">\n\t\t\t\t\t\t<div class=\"elementor-element elementor-element-fcf7208 elementor-widget elementor-widget-text-editor\" data-id=\"fcf7208\" data-element_type=\"widget\" data-widget_type=\"text-editor.default\">\n\t\t\t\t<div class=\"elementor-widget-container\">\n\t\t\t\t\t\t\t\t\t<p><strong>Im Ort finden Sie zwei weitere Lades\u00e4ulen:<\/strong><\/p><p>E-Ladestation Autohaus Finkbeiner<br \/>Murgtalstra\u00dfe 48<br \/>72270 Baiersbronn<\/p><p>E-Ladestation Trigema<br \/>Murgtalstra\u00dfe 25D<br \/>72270 Baiersbronn<\/p>\t\t\t\t\t\t\t\t<\/div>\n\t\t\t\t<\/div>\n\t\t\t\t\t<\/div>\n\t\t<\/div>\n\t\t\t\t\t<\/div>\n\t\t<\/section>\n\t\t\t\t<\/div>","protected":false},"excerpt":{"rendered":"<p>E-Auto laden An unserem Ferienhaus steht Ihnen eine Wallbox zum Aufladen Ihres E-Autos zur Verf\u00fcgung. Bitte beachten Sie, dass die Wallbox keinen separaten Stromz\u00e4hler hat. Wir m\u00f6chten den Ladevorgang dennoch fair und unkompliziert handhaben. Daher bitten wir Sie, uns am Ende Ihres Aufenthalts einfach kurz mitzuteilen, wie viel Sie ungef\u00e4hr geladen haben \u2013 eine grobe [&hellip;]<\/p>","protected":false},"author":2,"featured_media":0,"parent":0,"menu_order":0,"comment_status":"closed","ping_status":"closed","template":"","meta":{"site-sidebar-layout":"no-sidebar","site-content-layout":"page-builder","ast-site-content-layout":"default","site-content-style":"default","site-sidebar-style":"default","ast-global-header-display":"","ast-banner-title-visibility":"","ast-main-header-display":"","ast-hfb-above-header-display":"","ast-hfb-below-header-display":"","ast-hfb-mobile-header-display":"","site-post-title":"disabled","ast-breadcrumbs-content":"","ast-featured-img":"disabled","footer-sml-layout":"","theme-transparent-header-meta":"","adv-header-id-meta":"","stick-header-meta":"","header-above-stick-meta":"","header-main-stick-meta":"","header-below-stick-meta":"","astra-migrate-meta-layouts":"default","ast-page-background-enabled":"default","ast-page-background-meta":{"desktop":{"background-color":"var(--ast-global-color-4)","background-image":"","background-repeat":"repeat","background-position":"center center","background-size":"auto","background-attachment":"scroll","background-type":"","background-media":"","overlay-type":"","overlay-color":"","overlay-opacity":"","overlay-gradient":""},"tablet":{"background-color":"","background-image":"","background-repeat":"repeat","background-position":"center center","background-size":"auto","background-attachment":"scroll","background-type":"","background-media":"","overlay-type":"","overlay-color":"","overlay-opacity":"","overlay-gradient":""},"mobile":{"background-color":"","background-image":"","background-repeat":"repeat","background-position":"center center","background-size":"auto","background-attachment":"scroll","background-type":"","background-media":"","overlay-type":"","overlay-color":"","overlay-opacity":"","overlay-gradient":""}},"ast-content-background-meta":{"desktop":{"background-color":"var(--ast-global-color-5)","background-image":"","background-repeat":"repeat","background-position":"center center","background-size":"auto","background-attachment":"scroll","background-type":"","background-media":"","overlay-type":"","overlay-color":"","overlay-opacity":"","overlay-gradient":""},"tablet":{"background-color":"var(--ast-global-color-5)","background-image":"","background-repeat":"repeat","background-position":"center center","background-size":"auto","background-attachment":"scroll","background-type":"","background-media":"","overlay-type":"","overlay-color":"","overlay-opacity":"","overlay-gradient":""},"mobile":{"background-color":"var(--ast-global-color-5)","background-image":"","background-repeat":"repeat","background-position":"center center","background-size":"auto","background-attachment":"scroll","background-type":"","background-media":"","overlay-type":"","overlay-color":"","overlay-opacity":"","overlay-gradient":""}},"_glsr_average":0,"_glsr_ranking":0,"_glsr_reviews":0,"footnotes":""},"class_list":["post-6619","page","type-page","status-publish","hentry"],"_links":{"self":[{"href":"https:\/\/villa-pauline.gaeste-mappe.de\/en\/wp-json\/wp\/v2\/pages\/6619","targetHints":{"allow":["GET"]}}],"collection":[{"href":"https:\/\/villa-pauline.gaeste-mappe.de\/en\/wp-json\/wp\/v2\/pages"}],"about":[{"href":"https:\/\/villa-pauline.gaeste-mappe.de\/en\/wp-json\/wp\/v2\/types\/page"}],"author":[{"embeddable":true,"href":"https:\/\/villa-pauline.gaeste-mappe.de\/en\/wp-json\/wp\/v2\/users\/2"}],"replies":[{"embeddable":true,"href":"https:\/\/villa-pauline.gaeste-mappe.de\/en\/wp-json\/wp\/v2\/comments?post=6619"}],"version-history":[{"count":140,"href":"https:\/\/villa-pauline.gaeste-mappe.de\/en\/wp-json\/wp\/v2\/pages\/6619\/revisions"}],"predecessor-version":[{"id":13965,"href":"https:\/\/villa-pauline.gaeste-mappe.de\/en\/wp-json\/wp\/v2\/pages\/6619\/revisions\/13965"}],"wp:attachment":[{"href":"https:\/\/villa-pauline.gaeste-mappe.de\/en\/wp-json\/wp\/v2\/media?parent=6619"}],"curies":[{"name":"wp","href":"https:\/\/api.w.org\/{rel}","templated":true}]}}