{"id":6623,"date":"2023-05-27T13:24:01","date_gmt":"2023-05-27T13:24:01","guid":{"rendered":"https:\/\/naturliebeharz.gaeste-mappe.com\/?page_id=6623"},"modified":"2025-10-26T12:42:21","modified_gmt":"2025-10-26T12:42:21","slug":"wandern","status":"publish","type":"page","link":"https:\/\/villa-pauline.gaeste-mappe.de\/en\/wandern\/","title":{"rendered":"Hike"},"content":{"rendered":"<div data-elementor-type=\"wp-page\" data-elementor-id=\"6623\" class=\"elementor elementor-6623\" data-elementor-post-type=\"page\">\n\t\t\t\t\t\t<section class=\"elementor-section elementor-top-section elementor-element elementor-element-56542d35 elementor-section-boxed elementor-section-height-default elementor-section-height-default\" data-id=\"56542d35\" data-element_type=\"section\" data-settings=\"{&quot;background_background&quot;:&quot;classic&quot;}\">\n\t\t\t\t\t\t<div class=\"elementor-container elementor-column-gap-default\">\n\t\t\t\t\t<div class=\"elementor-column elementor-col-100 elementor-top-column elementor-element elementor-element-7948b7df\" data-id=\"7948b7df\" data-element_type=\"column\">\n\t\t\t<div class=\"elementor-widget-wrap elementor-element-populated\">\n\t\t\t\t\t\t<div class=\"elementor-element elementor-element-6dc74b20 kopf elementor-icon-list--layout-traditional elementor-list-item-link-full_width elementor-widget elementor-widget-icon-list\" data-id=\"6dc74b20\" data-element_type=\"widget\" data-widget_type=\"icon-list.default\">\n\t\t\t\t<div class=\"elementor-widget-container\">\n\t\t\t\t\t\t\t<ul class=\"elementor-icon-list-items\">\n\t\t\t\t\t\t\t<li class=\"elementor-icon-list-item\">\n\t\t\t\t\t\t\t\t\t\t\t<span class=\"elementor-icon-list-icon\">\n\t\t\t\t\t\t\t<svg xmlns=\"http:\/\/www.w3.org\/2000\/svg\" id=\"Glyph\" height=\"512\" viewbox=\"0 0 64 64\" width=\"512\"><path d=\"m59.98 40.91a114.78381 114.78381 0 0 1 -52.91 1.01q-1.035-.21-2.07-.45a2.59941 2.59941 0 0 1 .03 1.07 35.679 35.679 0 0 0 -.84 5.55c-.29126 5.37272 4.04538 5.26382 8.11 5.12982 3.43109-.1598 8.1865 1.02162 9.26988-3.31992a27.412 27.412 0 0 1 7.25012 1.5301c.35031 2.35809 3.36825 1.69448 5.14 1.77995h.96995c7.45-.53 14.16-1.11 20.69-2.75 4.81591-1.15618 4.4672-5.51368 4.36005-9.54995z\"><\/path><path d=\"m4.63 39.33c18.29779 4.21527 36.90886 4.35367 54.2-.22991a8.7375 8.7375 0 0 0 -9.22-8.07009 21.68469 21.68469 0 0 1 -6.82-.81l-2.76 1.2a18.6618 18.6618 0 0 1 -2.49992 1 1.00682 1.00682 0 0 1 -.4-1.92c.247-.11326 2.57039-1.11548 2.88-1.25a21.67222 21.67222 0 0 1 -4.17-2.31l-2.32.75a18.24119 18.24119 0 0 1 -2.16.64 1.00081 1.00081 0 0 1 -.29995-1.95l.74995-.24 2.16-.71c-.17-.14-.34-.3-.5-.46a16.88052 16.88052 0 0 1 -2.06-2.4l-1.93.75a7.38074 7.38074 0 0 1 -1.48008.51 1.00227 1.00227 0 0 1 -.37-1.93005c.53079-.20568 2.14584-.84168 2.7-1.06a15.03249 15.03249 0 0 1 -1.82-7.61 2.261 2.261 0 0 0 -2.70008-2.44991 30.82831 30.82831 0 0 0 -20.52992 8.91996c-2.129 1.9578-.99169 5.04916-1.25018 7.59a78.74676 78.74676 0 0 0 .60018 12.04z\"><\/path><\/svg>\t\t\t\t\t\t<\/span>\n\t\t\t\t\t\t\t\t\t\t<span class=\"elementor-icon-list-text\">Hike<\/span>\n\t\t\t\t\t\t\t\t\t<\/li>\n\t\t\t\t\t\t<\/ul>\n\t\t\t\t\t\t<\/div>\n\t\t\t\t<\/div>\n\t\t\t\t\t<\/div>\n\t\t<\/div>\n\t\t\t\t\t<\/div>\n\t\t<\/section>\n\t\t\t\t<section class=\"elementor-section elementor-top-section elementor-element elementor-element-43637ec elementor-section-boxed elementor-section-height-default elementor-section-height-default\" data-id=\"43637ec\" data-element_type=\"section\">\n\t\t\t\t\t\t<div class=\"elementor-container elementor-column-gap-default\">\n\t\t\t\t\t<div class=\"elementor-column elementor-col-100 elementor-top-column elementor-element elementor-element-57814fb\" data-id=\"57814fb\" data-element_type=\"column\">\n\t\t\t<div class=\"elementor-widget-wrap elementor-element-populated\">\n\t\t\t\t\t\t<div class=\"elementor-element elementor-element-1a9b2a1 elementor-icon-list--layout-traditional elementor-list-item-link-full_width elementor-widget elementor-widget-icon-list\" data-id=\"1a9b2a1\" data-element_type=\"widget\" data-widget_type=\"icon-list.default\">\n\t\t\t\t<div class=\"elementor-widget-container\">\n\t\t\t\t\t\t\t<ul class=\"elementor-icon-list-items\">\n\t\t\t\t\t\t\t<li class=\"elementor-icon-list-item\">\n\t\t\t\t\t\t\t\t\t\t<span class=\"elementor-icon-list-text\">Wandern in und um Baiersbronn<\/span>\n\t\t\t\t\t\t\t\t\t<\/li>\n\t\t\t\t\t\t<\/ul>\n\t\t\t\t\t\t<\/div>\n\t\t\t\t<\/div>\n\t\t\t\t\t<\/div>\n\t\t<\/div>\n\t\t\t\t\t<\/div>\n\t\t<\/section>\n\t\t\t\t<section class=\"elementor-section elementor-top-section elementor-element elementor-element-b97bd3d elementor-section-boxed elementor-section-height-default elementor-section-height-default\" data-id=\"b97bd3d\" data-element_type=\"section\">\n\t\t\t\t\t\t<div class=\"elementor-container elementor-column-gap-default\">\n\t\t\t\t\t<div class=\"elementor-column elementor-col-100 elementor-top-column elementor-element elementor-element-feb29c1\" data-id=\"feb29c1\" data-element_type=\"column\">\n\t\t\t<div class=\"elementor-widget-wrap elementor-element-populated\">\n\t\t\t\t\t\t<div class=\"elementor-element elementor-element-03959c8 elementor-widget elementor-widget-text-editor\" data-id=\"03959c8\" data-element_type=\"widget\" data-widget_type=\"text-editor.default\">\n\t\t\t\t<div class=\"elementor-widget-container\">\n\t\t\t\t\t\t\t\t\t<p>Baiersbronn ist ein wahres Paradies f\u00fcr Wanderfreunde. Dichte W\u00e4lder, klare B\u00e4che, sanfte H\u00f6henz\u00fcge und immer wieder traumhafte Ausblicke auf das Murgtal \u2013 die Natur zeigt hier ihre sch\u00f6nste Seite. Ob gem\u00fctlicher Spaziergang oder anspruchsvolle Tagestour: In und rund um Baiersbronn finden Sie f\u00fcr jede Kondition und jeden Geschmack den passenden Weg.<\/p><p>Die gut ausgeschilderten Routen f\u00fchren durch stille W\u00e4lder, zu idyllischen Seen, auf aussichtsreiche H\u00f6hen und zu urigen Einkehrh\u00fctten, in denen regionale Spezialit\u00e4ten warten. Viele der Touren starten direkt in der N\u00e4he Ihres Feriendomizils \u2013 perfekt, um spontan loszuwandern und den Schwarzwald hautnah zu erleben.<\/p><p>Lassen Sie sich von unseren ausgew\u00e4hlten Wandertipps inspirieren und entdecken Sie die Vielfalt des Baiersbronner Wanderhimmels.<\/p><p><strong>Weitere Wanderwege unter:<\/strong> <a href=\"https:\/\/www.baiersbronn.de\/natur-aktivitaeten\/wandern?utm_source=chatgpt.com\" target=\"_blank\" rel=\"noopener\">https:\/\/www.baiersbronn.de\/natur-aktivitaeten\/wandern<\/a><\/p>\t\t\t\t\t\t\t\t<\/div>\n\t\t\t\t<\/div>\n\t\t\t\t\t<\/div>\n\t\t<\/div>\n\t\t\t\t\t<\/div>\n\t\t<\/section>\n\t\t<div class=\"elementor-element elementor-element-60f3dcd e-flex e-con-boxed e-con e-parent\" data-id=\"60f3dcd\" data-element_type=\"container\">\n\t\t\t\t\t<div class=\"e-con-inner\">\n\t\t<div class=\"elementor-element elementor-element-18021b9 e-con-full e-flex e-con e-child\" data-id=\"18021b9\" data-element_type=\"container\">\n\t\t\t\t<div class=\"elementor-element elementor-element-5f75b53 elementor-widget elementor-widget-html\" data-id=\"5f75b53\" data-element_type=\"widget\" data-widget_type=\"html.default\">\n\t\t\t\t<div class=\"elementor-widget-container\">\n\t\t\t\t\t<script type=\"text\/javascript\" src=\"https:\/\/unterwegs-im-murgtal.baiersbronn.de\/de\/embed\/20223176\/js?mw=false\"><\/script>\t\t\t\t<\/div>\n\t\t\t\t<\/div>\n\t\t\t\t<\/div>\n\t\t<div class=\"elementor-element elementor-element-6ccba62 e-con-full e-flex e-con e-child\" data-id=\"6ccba62\" data-element_type=\"container\">\n\t\t\t\t<div class=\"elementor-element elementor-element-5c4156a elementor-widget elementor-widget-html\" data-id=\"5c4156a\" data-element_type=\"widget\" data-widget_type=\"html.default\">\n\t\t\t\t<div class=\"elementor-widget-container\">\n\t\t\t\t\t<script type=\"text\/javascript\" src=\"https:\/\/unterwegs-im-murgtal.baiersbronn.de\/de\/embed\/25741117\/js?mw=false\"><\/script>\t\t\t\t<\/div>\n\t\t\t\t<\/div>\n\t\t\t\t<\/div>\n\t\t\t\t\t<\/div>\n\t\t\t\t<\/div>\n\t\t<div class=\"elementor-element elementor-element-de92f1e e-flex e-con-boxed e-con e-parent\" data-id=\"de92f1e\" data-element_type=\"container\">\n\t\t\t\t\t<div class=\"e-con-inner\">\n\t\t<div class=\"elementor-element elementor-element-df03ac0 e-con-full e-flex e-con e-child\" data-id=\"df03ac0\" data-element_type=\"container\">\n\t\t\t\t<div class=\"elementor-element elementor-element-d79919a elementor-widget elementor-widget-html\" data-id=\"d79919a\" data-element_type=\"widget\" data-widget_type=\"html.default\">\n\t\t\t\t<div class=\"elementor-widget-container\">\n\t\t\t\t\t<script type=\"text\/javascript\" src=\"https:\/\/unterwegs-im-murgtal.baiersbronn.de\/de\/embed\/9661824\/js?mw=false\"><\/script>\t\t\t\t<\/div>\n\t\t\t\t<\/div>\n\t\t\t\t<\/div>\n\t\t<div class=\"elementor-element elementor-element-059fc81 e-con-full e-flex e-con e-child\" data-id=\"059fc81\" data-element_type=\"container\">\n\t\t\t\t<div class=\"elementor-element elementor-element-368851c elementor-widget elementor-widget-html\" data-id=\"368851c\" data-element_type=\"widget\" data-widget_type=\"html.default\">\n\t\t\t\t<div class=\"elementor-widget-container\">\n\t\t\t\t\t<script type=\"text\/javascript\" src=\"https:\/\/unterwegs-im-murgtal.baiersbronn.de\/de\/embed\/9661087\/js?mw=false\"><\/script>\t\t\t\t<\/div>\n\t\t\t\t<\/div>\n\t\t\t\t<\/div>\n\t\t\t\t\t<\/div>\n\t\t\t\t<\/div>\n\t\t<div class=\"elementor-element elementor-element-d033d8c e-flex e-con-boxed e-con e-parent\" data-id=\"d033d8c\" data-element_type=\"container\">\n\t\t\t\t\t<div class=\"e-con-inner\">\n\t\t<div class=\"elementor-element elementor-element-0c1cfdb e-con-full e-flex e-con e-child\" data-id=\"0c1cfdb\" data-element_type=\"container\">\n\t\t\t\t<div class=\"elementor-element elementor-element-8046a10 elementor-widget elementor-widget-html\" data-id=\"8046a10\" data-element_type=\"widget\" data-widget_type=\"html.default\">\n\t\t\t\t<div class=\"elementor-widget-container\">\n\t\t\t\t\t<script type=\"text\/javascript\" src=\"https:\/\/unterwegs-im-murgtal.baiersbronn.de\/de\/embed\/38917306\/js?mw=false\"><\/script>\t\t\t\t<\/div>\n\t\t\t\t<\/div>\n\t\t\t\t<\/div>\n\t\t<div class=\"elementor-element elementor-element-5e91900 e-con-full e-flex e-con e-child\" data-id=\"5e91900\" data-element_type=\"container\">\n\t\t\t\t<div class=\"elementor-element elementor-element-7aec0d4 elementor-widget elementor-widget-html\" data-id=\"7aec0d4\" data-element_type=\"widget\" data-widget_type=\"html.default\">\n\t\t\t\t<div class=\"elementor-widget-container\">\n\t\t\t\t\t<script type=\"text\/javascript\" src=\"https:\/\/unterwegs-im-murgtal.baiersbronn.de\/de\/embed\/29186515\/js?mw=false\"><\/script>\t\t\t\t<\/div>\n\t\t\t\t<\/div>\n\t\t\t\t<\/div>\n\t\t\t\t\t<\/div>\n\t\t\t\t<\/div>\n\t\t<div class=\"elementor-element elementor-element-12dd4c6 e-flex e-con-boxed e-con e-parent\" data-id=\"12dd4c6\" data-element_type=\"container\">\n\t\t\t\t\t<div class=\"e-con-inner\">\n\t\t<div class=\"elementor-element elementor-element-f5bfc21 e-con-full e-flex e-con e-child\" data-id=\"f5bfc21\" data-element_type=\"container\">\n\t\t\t\t<div class=\"elementor-element elementor-element-a801c49 elementor-widget elementor-widget-html\" data-id=\"a801c49\" data-element_type=\"widget\" data-widget_type=\"html.default\">\n\t\t\t\t<div class=\"elementor-widget-container\">\n\t\t\t\t\t<script type=\"text\/javascript\" src=\"https:\/\/unterwegs-im-murgtal.baiersbronn.de\/de\/embed\/1362581\/js?mw=false\"><\/script>\t\t\t\t<\/div>\n\t\t\t\t<\/div>\n\t\t\t\t<\/div>\n\t\t<div class=\"elementor-element elementor-element-f5de395 e-con-full e-flex e-con e-child\" data-id=\"f5de395\" data-element_type=\"container\">\n\t\t\t\t<div class=\"elementor-element elementor-element-f760fb5 elementor-widget elementor-widget-html\" data-id=\"f760fb5\" data-element_type=\"widget\" data-widget_type=\"html.default\">\n\t\t\t\t<div class=\"elementor-widget-container\">\n\t\t\t\t\t<script type=\"text\/javascript\" src=\"https:\/\/unterwegs-im-murgtal.baiersbronn.de\/de\/embed\/3527371\/js?mw=false\"><\/script>\t\t\t\t<\/div>\n\t\t\t\t<\/div>\n\t\t\t\t<\/div>\n\t\t\t\t\t<\/div>\n\t\t\t\t<\/div>\n\t\t<div class=\"elementor-element elementor-element-10c73e7 e-flex e-con-boxed e-con e-parent\" data-id=\"10c73e7\" data-element_type=\"container\">\n\t\t\t\t\t<div class=\"e-con-inner\">\n\t\t<div class=\"elementor-element elementor-element-f01320f e-con-full e-flex e-con e-child\" data-id=\"f01320f\" data-element_type=\"container\">\n\t\t\t\t<div class=\"elementor-element elementor-element-da68927 elementor-widget elementor-widget-html\" data-id=\"da68927\" data-element_type=\"widget\" data-widget_type=\"html.default\">\n\t\t\t\t<div class=\"elementor-widget-container\">\n\t\t\t\t\t<script type=\"text\/javascript\" src=\"https:\/\/unterwegs-im-murgtal.baiersbronn.de\/de\/embed\/1383111\/js?mw=false\"><\/script>\t\t\t\t<\/div>\n\t\t\t\t<\/div>\n\t\t\t\t<\/div>\n\t\t<div class=\"elementor-element elementor-element-1124ea7 e-con-full e-flex e-con e-child\" data-id=\"1124ea7\" data-element_type=\"container\">\n\t\t\t\t<div class=\"elementor-element elementor-element-23a399d elementor-widget elementor-widget-html\" data-id=\"23a399d\" data-element_type=\"widget\" data-widget_type=\"html.default\">\n\t\t\t\t<div class=\"elementor-widget-container\">\n\t\t\t\t\t<script type=\"text\/javascript\" src=\"https:\/\/unterwegs-im-murgtal.baiersbronn.de\/de\/embed\/1358642\/js?mw=false\"><\/script>\t\t\t\t<\/div>\n\t\t\t\t<\/div>\n\t\t\t\t<\/div>\n\t\t\t\t\t<\/div>\n\t\t\t\t<\/div>\n\t\t\t\t<section class=\"elementor-section elementor-top-section elementor-element elementor-element-60acdcb elementor-section-boxed elementor-section-height-default elementor-section-height-default\" data-id=\"60acdcb\" data-element_type=\"section\">\n\t\t\t\t\t\t<div class=\"elementor-container elementor-column-gap-default\">\n\t\t\t\t\t<div class=\"elementor-column elementor-col-100 elementor-top-column elementor-element elementor-element-03fc4ff\" data-id=\"03fc4ff\" data-element_type=\"column\">\n\t\t\t<div class=\"elementor-widget-wrap elementor-element-populated\">\n\t\t\t\t\t\t<div class=\"elementor-element elementor-element-7c000c3 elementor-widget elementor-widget-text-editor\" data-id=\"7c000c3\" data-element_type=\"widget\" data-widget_type=\"text-editor.default\">\n\t\t\t\t<div class=\"elementor-widget-container\">\n\t\t\t\t\t\t\t\t\t<p>\u00a0<\/p><p><strong>Weitere Wanderwege unter:<\/strong> <a href=\"https:\/\/www.baiersbronn.de\/natur-aktivitaeten\/wandern?utm_source=chatgpt.com\" target=\"_blank\" rel=\"noopener\">https:\/\/www.baiersbronn.de\/natur-aktivitaeten\/wandern<\/a><\/p>\t\t\t\t\t\t\t\t<\/div>\n\t\t\t\t<\/div>\n\t\t\t\t\t<\/div>\n\t\t<\/div>\n\t\t\t\t\t<\/div>\n\t\t<\/section>\n\t\t\t\t<\/div>","protected":false},"excerpt":{"rendered":"<p>Wandern Wandern in und um Baiersbronn Baiersbronn ist ein wahres Paradies f\u00fcr Wanderfreunde. Dichte W\u00e4lder, klare B\u00e4che, sanfte H\u00f6henz\u00fcge und immer wieder traumhafte Ausblicke auf das Murgtal \u2013 die Natur zeigt hier ihre sch\u00f6nste Seite. Ob gem\u00fctlicher Spaziergang oder anspruchsvolle Tagestour: In und rund um Baiersbronn finden Sie f\u00fcr jede Kondition und jeden Geschmack den [&hellip;]<\/p>","protected":false},"author":2,"featured_media":0,"parent":0,"menu_order":0,"comment_status":"closed","ping_status":"closed","template":"","meta":{"site-sidebar-layout":"no-sidebar","site-content-layout":"page-builder","ast-site-content-layout":"default","site-content-style":"default","site-sidebar-style":"default","ast-global-header-display":"","ast-banner-title-visibility":"","ast-main-header-display":"","ast-hfb-above-header-display":"","ast-hfb-below-header-display":"","ast-hfb-mobile-header-display":"","site-post-title":"disabled","ast-breadcrumbs-content":"","ast-featured-img":"disabled","footer-sml-layout":"","theme-transparent-header-meta":"","adv-header-id-meta":"","stick-header-meta":"","header-above-stick-meta":"","header-main-stick-meta":"","header-below-stick-meta":"","astra-migrate-meta-layouts":"default","ast-page-background-enabled":"default","ast-page-background-meta":{"desktop":{"background-color":"var(--ast-global-color-4)","background-image":"","background-repeat":"repeat","background-position":"center center","background-size":"auto","background-attachment":"scroll","background-type":"","background-media":"","overlay-type":"","overlay-color":"","overlay-opacity":"","overlay-gradient":""},"tablet":{"background-color":"","background-image":"","background-repeat":"repeat","background-position":"center center","background-size":"auto","background-attachment":"scroll","background-type":"","background-media":"","overlay-type":"","overlay-color":"","overlay-opacity":"","overlay-gradient":""},"mobile":{"background-color":"","background-image":"","background-repeat":"repeat","background-position":"center center","background-size":"auto","background-attachment":"scroll","background-type":"","background-media":"","overlay-type":"","overlay-color":"","overlay-opacity":"","overlay-gradient":""}},"ast-content-background-meta":{"desktop":{"background-color":"var(--ast-global-color-5)","background-image":"","background-repeat":"repeat","background-position":"center center","background-size":"auto","background-attachment":"scroll","background-type":"","background-media":"","overlay-type":"","overlay-color":"","overlay-opacity":"","overlay-gradient":""},"tablet":{"background-color":"var(--ast-global-color-5)","background-image":"","background-repeat":"repeat","background-position":"center center","background-size":"auto","background-attachment":"scroll","background-type":"","background-media":"","overlay-type":"","overlay-color":"","overlay-opacity":"","overlay-gradient":""},"mobile":{"background-color":"var(--ast-global-color-5)","background-image":"","background-repeat":"repeat","background-position":"center center","background-size":"auto","background-attachment":"scroll","background-type":"","background-media":"","overlay-type":"","overlay-color":"","overlay-opacity":"","overlay-gradient":""}},"_glsr_average":0,"_glsr_ranking":0,"_glsr_reviews":0,"footnotes":""},"class_list":["post-6623","page","type-page","status-publish","hentry"],"_links":{"self":[{"href":"https:\/\/villa-pauline.gaeste-mappe.de\/en\/wp-json\/wp\/v2\/pages\/6623","targetHints":{"allow":["GET"]}}],"collection":[{"href":"https:\/\/villa-pauline.gaeste-mappe.de\/en\/wp-json\/wp\/v2\/pages"}],"about":[{"href":"https:\/\/villa-pauline.gaeste-mappe.de\/en\/wp-json\/wp\/v2\/types\/page"}],"author":[{"embeddable":true,"href":"https:\/\/villa-pauline.gaeste-mappe.de\/en\/wp-json\/wp\/v2\/users\/2"}],"replies":[{"embeddable":true,"href":"https:\/\/villa-pauline.gaeste-mappe.de\/en\/wp-json\/wp\/v2\/comments?post=6623"}],"version-history":[{"count":152,"href":"https:\/\/villa-pauline.gaeste-mappe.de\/en\/wp-json\/wp\/v2\/pages\/6623\/revisions"}],"predecessor-version":[{"id":14068,"href":"https:\/\/villa-pauline.gaeste-mappe.de\/en\/wp-json\/wp\/v2\/pages\/6623\/revisions\/14068"}],"wp:attachment":[{"href":"https:\/\/villa-pauline.gaeste-mappe.de\/en\/wp-json\/wp\/v2\/media?parent=6623"}],"curies":[{"name":"wp","href":"https:\/\/api.w.org\/{rel}","templated":true}]}}